{"id":99,"date":"2020-04-18T12:19:43","date_gmt":"2020-04-18T12:19:43","guid":{"rendered":"http:\/\/apartmanmezistromy.cz\/?page_id=99"},"modified":"2025-11-25T13:42:46","modified_gmt":"2025-11-25T13:42:46","slug":"cenik","status":"publish","type":"page","link":"https:\/\/apartmanmezistromy.cz\/en\/cenik\/","title":{"rendered":"Pricelist"},"content":{"rendered":"\n<div class=\"wp-block-image\"><figure class=\"aligncenter size-large is-resized\"><img loading=\"lazy\" decoding=\"async\" src=\"http:\/\/apartmanmezistromy.cz\/wp-content\/uploads\/2020\/05\/okoli_priroda_leto.jpg\" alt=\"\" class=\"wp-image-223\" width=\"715\" height=\"402\" srcset=\"https:\/\/apartmanmezistromy.cz\/wp-content\/uploads\/2020\/05\/okoli_priroda_leto.jpg 960w, https:\/\/apartmanmezistromy.cz\/wp-content\/uploads\/2020\/05\/okoli_priroda_leto-300x169.jpg 300w, https:\/\/apartmanmezistromy.cz\/wp-content\/uploads\/2020\/05\/okoli_priroda_leto-768x432.jpg 768w, https:\/\/apartmanmezistromy.cz\/wp-content\/uploads\/2020\/05\/okoli_priroda_leto-375x211.jpg 375w\" sizes=\"auto, (max-width: 715px) 100vw, 715px\" \/><\/figure><\/div>\n\n\n\n<p><strong><em>Zdarma mal\u00e9 d\u011bti bez n\u00e1roku na samostatn\u00e9 l\u016f\u017eko. <\/em><\/strong><\/p>\n\n\n\n<p><strong><em>P\u0159i t\u00fddenn\u00edm a del\u0161\u00edm pobytu mo\u017en\u00e1 sleva. <\/em><\/strong><\/p>\n\n\n\n<p><em><strong>Platba pouze na \u00fa\u010det, nevratn\u00e1 z\u00e1loha 50 % p\u0159i rezervaci, zbytek doplatit 3 dny p\u0159ed p\u0159\u00edjezdem.<\/strong><\/em><\/p>\n\n\n\n<h2 class=\"wp-block-heading\"><span class=\"has-inline-color has-accent-1-color\"><strong>20. 12 &#8211; 31. 3.  <\/strong><\/span><\/h2>\n\n\n\n<p> <strong>400,- K\u010d \/ osoba \/ noc<\/strong><\/p>\n\n\n\n<p><strong>minim\u00e1ln\u011b 1.500,- K\u010d \/ apartm\u00e1n \/ noc<\/strong><\/p>\n\n\n\n<figure class=\"wp-block-gallery columns-3 is-cropped wp-block-gallery-1 is-layout-flex wp-block-gallery-is-layout-flex\"><ul class=\"blocks-gallery-grid\"><li class=\"blocks-gallery-item\"><figure><img loading=\"lazy\" decoding=\"async\" width=\"960\" height=\"540\" src=\"http:\/\/apartmanmezistromy.cz\/wp-content\/uploads\/2020\/05\/motyl_bodlak.jpg\" alt=\"\" data-id=\"221\" data-full-url=\"http:\/\/apartmanmezistromy.cz\/wp-content\/uploads\/2020\/05\/motyl_bodlak.jpg\" data-link=\"http:\/\/apartmanmezistromy.cz\/motyl_bodlak\/\" class=\"wp-image-221\" srcset=\"https:\/\/apartmanmezistromy.cz\/wp-content\/uploads\/2020\/05\/motyl_bodlak.jpg 960w, https:\/\/apartmanmezistromy.cz\/wp-content\/uploads\/2020\/05\/motyl_bodlak-300x169.jpg 300w, https:\/\/apartmanmezistromy.cz\/wp-content\/uploads\/2020\/05\/motyl_bodlak-768x432.jpg 768w, https:\/\/apartmanmezistromy.cz\/wp-content\/uploads\/2020\/05\/motyl_bodlak-375x211.jpg 375w\" sizes=\"auto, (max-width: 960px) 100vw, 960px\" \/><\/figure><\/li><li class=\"blocks-gallery-item\"><figure><img decoding=\"async\" src=\"http:\/\/apartmanmezistromy.cz\/wp-content\/uploads\/2020\/05\/barak_jaro-e1588334528816.jpg\" alt=\"\" data-id=\"219\" data-full-url=\"http:\/\/apartmanmezistromy.cz\/wp-content\/uploads\/2020\/05\/barak_jaro-e1588334528816.jpg\" data-link=\"http:\/\/apartmanmezistromy.cz\/barak_jaro\/\" class=\"wp-image-219\"\/><\/figure><\/li><li class=\"blocks-gallery-item\"><figure><img loading=\"lazy\" decoding=\"async\" width=\"540\" height=\"359\" src=\"http:\/\/apartmanmezistromy.cz\/wp-content\/uploads\/2020\/05\/srny-e1588327844457.jpg\" alt=\"\" data-id=\"227\" data-full-url=\"http:\/\/apartmanmezistromy.cz\/wp-content\/uploads\/2020\/05\/srny-e1588327844457.jpg\" data-link=\"http:\/\/apartmanmezistromy.cz\/srny-2\/\" class=\"wp-image-227\"\/><\/figure><\/li><\/ul><\/figure>\n\n\n\n<h2 class=\"wp-block-heading\"><strong><span class=\"has-inline-color has-accent-1-color\">ostatn\u00ed term\u00edny <\/span><\/strong><\/h2>\n\n\n\n<p><strong>350,- K\u010d \/ osoba \/ noc<\/strong><\/p>\n\n\n\n<p><strong>minim\u00e1ln\u011b 1.200,- K\u010d \/ apartm\u00e1n \/ noc<\/strong><\/p>\n\n\n\n<figure class=\"wp-block-image\"><img loading=\"lazy\" decoding=\"async\" width=\"780\" height=\"585\" src=\"http:\/\/apartmanmezistromy.cz\/wp-content\/uploads\/2020\/04\/9.jpg\" alt=\"\" class=\"wp-image-182\" srcset=\"https:\/\/apartmanmezistromy.cz\/wp-content\/uploads\/2020\/04\/9.jpg 780w, https:\/\/apartmanmezistromy.cz\/wp-content\/uploads\/2020\/04\/9-300x225.jpg 300w, https:\/\/apartmanmezistromy.cz\/wp-content\/uploads\/2020\/04\/9-768x576.jpg 768w, https:\/\/apartmanmezistromy.cz\/wp-content\/uploads\/2020\/04\/9-375x281.jpg 375w\" sizes=\"auto, (max-width: 780px) 100vw, 780px\" \/><\/figure>\n\n\n\n\n\n<div class=\"wp-block-group is-layout-flow wp-block-group-is-layout-flow\"><div class=\"wp-block-group__inner-container\"><\/div><\/div>\n","protected":false},"excerpt":{"rendered":"<p>Zdarma mal\u00e9 d\u011bti bez n\u00e1roku na samostatn\u00e9 l\u016f\u017eko. P\u0159i t\u00fddenn\u00edm a del\u0161\u00edm pobytu mo\u017en\u00e1 sleva. Platba pouze na \u00fa\u010det, nevratn\u00e1 z\u00e1loha 50 % p\u0159i rezervaci, zbytek doplatit 3 dny p\u0159ed p\u0159\u00edjezdem. 20. 12 &#8211; 31. 3. 400,- K\u010d \/ osoba \/ noc minim\u00e1ln\u011b 1.500,- K\u010d \/ apartm\u00e1n \/ noc ostatn\u00ed &hellip;<\/p>\n","protected":false},"author":1,"featured_media":0,"parent":0,"menu_order":0,"comment_status":"closed","ping_status":"closed","template":"","meta":{"footnotes":""},"class_list":["post-99","page","type-page","status-publish","hentry"],"_links":{"self":[{"href":"https:\/\/apartmanmezistromy.cz\/en\/wp-json\/wp\/v2\/pages\/99","targetHints":{"allow":["GET"]}}],"collection":[{"href":"https:\/\/apartmanmezistromy.cz\/en\/wp-json\/wp\/v2\/pages"}],"about":[{"href":"https:\/\/apartmanmezistromy.cz\/en\/wp-json\/wp\/v2\/types\/page"}],"author":[{"embeddable":true,"href":"https:\/\/apartmanmezistromy.cz\/en\/wp-json\/wp\/v2\/users\/1"}],"replies":[{"embeddable":true,"href":"https:\/\/apartmanmezistromy.cz\/en\/wp-json\/wp\/v2\/comments?post=99"}],"version-history":[{"count":49,"href":"https:\/\/apartmanmezistromy.cz\/en\/wp-json\/wp\/v2\/pages\/99\/revisions"}],"predecessor-version":[{"id":546,"href":"https:\/\/apartmanmezistromy.cz\/en\/wp-json\/wp\/v2\/pages\/99\/revisions\/546"}],"wp:attachment":[{"href":"https:\/\/apartmanmezistromy.cz\/en\/wp-json\/wp\/v2\/media?parent=99"}],"curies":[{"name":"wp","href":"https:\/\/api.w.org\/{rel}","templated":true}]}}