{"id":200,"date":"2020-05-14T19:03:54","date_gmt":"2020-05-14T19:03:54","guid":{"rendered":"http:\/\/apartmanmezistromy.cz\/?page_id=200"},"modified":"2021-02-10T07:56:09","modified_gmt":"2021-02-10T07:56:09","slug":"zimni-sezona","status":"publish","type":"page","link":"https:\/\/apartmanmezistromy.cz\/cs\/okoli\/zimni-sezona\/","title":{"rendered":"Zimn\u00ed sez\u00f3na"},"content":{"rendered":"\n<p class=\"has-text-align-center\">Apartm\u00e1n Mezi stromy se nach\u00e1z\u00ed p\u0159\u00edmo na sjezdovce. Sta\u010d\u00ed tedy jen nazout ly\u017ee a jet. <\/p>\n\n\n\n<figure class=\"wp-block-gallery columns-2 is-cropped wp-block-gallery-1 is-layout-flex wp-block-gallery-is-layout-flex\"><ul class=\"blocks-gallery-grid\"><li class=\"blocks-gallery-item\"><figure><img loading=\"lazy\" decoding=\"async\" width=\"780\" height=\"585\" src=\"http:\/\/apartmanmezistromy.cz\/wp-content\/uploads\/2020\/05\/9.jpg\" alt=\"\" data-id=\"217\" data-full-url=\"http:\/\/apartmanmezistromy.cz\/wp-content\/uploads\/2020\/05\/9.jpg\" data-link=\"http:\/\/apartmanmezistromy.cz\/9-2\/\" class=\"wp-image-217\" srcset=\"https:\/\/apartmanmezistromy.cz\/wp-content\/uploads\/2020\/05\/9.jpg 780w, https:\/\/apartmanmezistromy.cz\/wp-content\/uploads\/2020\/05\/9-300x225.jpg 300w, https:\/\/apartmanmezistromy.cz\/wp-content\/uploads\/2020\/05\/9-768x576.jpg 768w, https:\/\/apartmanmezistromy.cz\/wp-content\/uploads\/2020\/05\/9-375x281.jpg 375w\" sizes=\"auto, (max-width: 780px) 100vw, 780px\" \/><\/figure><\/li><li class=\"blocks-gallery-item\"><figure><img loading=\"lazy\" decoding=\"async\" width=\"720\" height=\"540\" src=\"http:\/\/apartmanmezistromy.cz\/wp-content\/uploads\/2020\/05\/zima_bezky-1.jpg\" alt=\"\" data-id=\"247\" data-full-url=\"http:\/\/apartmanmezistromy.cz\/wp-content\/uploads\/2020\/05\/zima_bezky-1.jpg\" data-link=\"http:\/\/apartmanmezistromy.cz\/zima_bezky-2\/\" class=\"wp-image-247\" srcset=\"https:\/\/apartmanmezistromy.cz\/wp-content\/uploads\/2020\/05\/zima_bezky-1.jpg 720w, https:\/\/apartmanmezistromy.cz\/wp-content\/uploads\/2020\/05\/zima_bezky-1-300x225.jpg 300w, https:\/\/apartmanmezistromy.cz\/wp-content\/uploads\/2020\/05\/zima_bezky-1-375x281.jpg 375w\" sizes=\"auto, (max-width: 720px) 100vw, 720px\" \/><\/figure><\/li><\/ul><\/figure>\n\n\n\n<p>Rokytnice nad Jizerou je jeden z nejv\u011bt\u0161\u00edch ly\u017ea\u0159sk\u00fdch are\u00e1l\u016f v \u010cesk\u00e9 republice. Skiare\u00e1l Horn\u00ed Domky, na jeho\u017e sjezdovce se na\u0161e ubytov\u00e1n\u00ed nach\u00e1z\u00ed, nab\u00edz\u00ed nejdel\u0161\u00ed sjezdovky v Krkono\u0161\u00edch. T\u011b\u0161it se m\u016f\u017eete na dv\u011b \u010dty\u0159seda\u010dkov\u00e9 lanov\u00e9 dr\u00e1hy a 7 ly\u017ea\u0159sk\u00fdch vlek\u016f. V\u00edce informac\u00ed najdete <a href=\"https:\/\/www.skiareal-rokytnice.cz\/\">ZDE.<\/a><\/p>\n\n\n\n<figure class=\"wp-block-gallery columns-3 is-cropped wp-block-gallery-2 is-layout-flex wp-block-gallery-is-layout-flex\"><ul class=\"blocks-gallery-grid\"><li class=\"blocks-gallery-item\"><figure><img loading=\"lazy\" decoding=\"async\" width=\"960\" height=\"720\" src=\"http:\/\/apartmanmezistromy.cz\/wp-content\/uploads\/2020\/05\/zapad_snih_hulky.jpg\" alt=\"\" data-id=\"245\" data-full-url=\"http:\/\/apartmanmezistromy.cz\/wp-content\/uploads\/2020\/05\/zapad_snih_hulky.jpg\" data-link=\"http:\/\/apartmanmezistromy.cz\/zapad_snih_hulky\/\" class=\"wp-image-245\" srcset=\"https:\/\/apartmanmezistromy.cz\/wp-content\/uploads\/2020\/05\/zapad_snih_hulky.jpg 960w, https:\/\/apartmanmezistromy.cz\/wp-content\/uploads\/2020\/05\/zapad_snih_hulky-300x225.jpg 300w, https:\/\/apartmanmezistromy.cz\/wp-content\/uploads\/2020\/05\/zapad_snih_hulky-768x576.jpg 768w, https:\/\/apartmanmezistromy.cz\/wp-content\/uploads\/2020\/05\/zapad_snih_hulky-375x281.jpg 375w\" sizes=\"auto, (max-width: 960px) 100vw, 960px\" \/><\/figure><\/li><li class=\"blocks-gallery-item\"><figure><img loading=\"lazy\" decoding=\"async\" width=\"780\" height=\"585\" src=\"http:\/\/apartmanmezistromy.cz\/wp-content\/uploads\/2020\/05\/1.jpg\" alt=\"\" data-id=\"216\" data-full-url=\"http:\/\/apartmanmezistromy.cz\/wp-content\/uploads\/2020\/05\/1.jpg\" data-link=\"http:\/\/apartmanmezistromy.cz\/1-2\/\" class=\"wp-image-216\" srcset=\"https:\/\/apartmanmezistromy.cz\/wp-content\/uploads\/2020\/05\/1.jpg 780w, https:\/\/apartmanmezistromy.cz\/wp-content\/uploads\/2020\/05\/1-300x225.jpg 300w, https:\/\/apartmanmezistromy.cz\/wp-content\/uploads\/2020\/05\/1-768x576.jpg 768w, https:\/\/apartmanmezistromy.cz\/wp-content\/uploads\/2020\/05\/1-375x281.jpg 375w\" sizes=\"auto, (max-width: 780px) 100vw, 780px\" \/><\/figure><\/li><li class=\"blocks-gallery-item\"><figure><img loading=\"lazy\" decoding=\"async\" width=\"960\" height=\"640\" src=\"http:\/\/apartmanmezistromy.cz\/wp-content\/uploads\/2020\/04\/4.jpg\" alt=\"\" data-id=\"176\" data-full-url=\"http:\/\/apartmanmezistromy.cz\/wp-content\/uploads\/2020\/04\/4.jpg\" data-link=\"http:\/\/apartmanmezistromy.cz\/4\/\" class=\"wp-image-176\" srcset=\"https:\/\/apartmanmezistromy.cz\/wp-content\/uploads\/2020\/04\/4.jpg 960w, https:\/\/apartmanmezistromy.cz\/wp-content\/uploads\/2020\/04\/4-300x200.jpg 300w, https:\/\/apartmanmezistromy.cz\/wp-content\/uploads\/2020\/04\/4-768x512.jpg 768w, https:\/\/apartmanmezistromy.cz\/wp-content\/uploads\/2020\/04\/4-375x250.jpg 375w\" sizes=\"auto, (max-width: 960px) 100vw, 960px\" \/><\/figure><\/li><\/ul><\/figure>\n\n\n\n<p>V nejbli\u017e\u0161\u00edm okol\u00ed je p\u0159ipraveno p\u0159es 20 dal\u0161\u00edch vlek\u016f, snowpark, perfektn\u011b upraven\u00e9 b\u011b\u017eeck\u00e9 i sjezdov\u00e9 trat\u011b, pro nely\u017ea\u0159e snowtubing. Pokud V\u00e1s ly\u017eov\u00e1n\u00ed p\u0159estane bavit, nav\u0161tivte aquapark v Karpacz (Polsko), cca 1 hod cesty autem.<\/p>\n\n\n\n<div class=\"wp-block-group\"><div class=\"wp-block-group__inner-container is-layout-flow wp-block-group-is-layout-flow\">\n<figure class=\"wp-block-gallery columns-3 is-cropped wp-block-gallery-3 is-layout-flex wp-block-gallery-is-layout-flex\"><ul class=\"blocks-gallery-grid\"><li class=\"blocks-gallery-item\"><figure><img loading=\"lazy\" decoding=\"async\" width=\"900\" height=\"675\" src=\"http:\/\/apartmanmezistromy.cz\/wp-content\/uploads\/2020\/05\/Snowtubing.jpg\" alt=\"\" data-id=\"295\" data-full-url=\"http:\/\/apartmanmezistromy.cz\/wp-content\/uploads\/2020\/05\/Snowtubing.jpg\" data-link=\"http:\/\/apartmanmezistromy.cz\/zimni-sezona\/attachment\/snowtubing\/\" class=\"wp-image-295\" srcset=\"https:\/\/apartmanmezistromy.cz\/wp-content\/uploads\/2020\/05\/Snowtubing.jpg 900w, https:\/\/apartmanmezistromy.cz\/wp-content\/uploads\/2020\/05\/Snowtubing-300x225.jpg 300w, https:\/\/apartmanmezistromy.cz\/wp-content\/uploads\/2020\/05\/Snowtubing-768x576.jpg 768w, https:\/\/apartmanmezistromy.cz\/wp-content\/uploads\/2020\/05\/Snowtubing-375x281.jpg 375w\" sizes=\"auto, (max-width: 900px) 100vw, 900px\" \/><\/figure><\/li><li class=\"blocks-gallery-item\"><figure><img loading=\"lazy\" decoding=\"async\" width=\"1024\" height=\"541\" src=\"http:\/\/apartmanmezistromy.cz\/wp-content\/uploads\/2020\/05\/tropikana.jpg\" alt=\"\" data-id=\"289\" data-full-url=\"http:\/\/apartmanmezistromy.cz\/wp-content\/uploads\/2020\/05\/tropikana.jpg\" data-link=\"http:\/\/apartmanmezistromy.cz\/zimni-sezona\/attachment\/tropikana\/\" class=\"wp-image-289\" srcset=\"https:\/\/apartmanmezistromy.cz\/wp-content\/uploads\/2020\/05\/tropikana.jpg 1024w, https:\/\/apartmanmezistromy.cz\/wp-content\/uploads\/2020\/05\/tropikana-300x158.jpg 300w, https:\/\/apartmanmezistromy.cz\/wp-content\/uploads\/2020\/05\/tropikana-768x406.jpg 768w, https:\/\/apartmanmezistromy.cz\/wp-content\/uploads\/2020\/05\/tropikana-375x198.jpg 375w\" sizes=\"auto, (max-width: 1024px) 100vw, 1024px\" \/><\/figure><\/li><li class=\"blocks-gallery-item\"><figure><img loading=\"lazy\" decoding=\"async\" width=\"780\" height=\"585\" src=\"http:\/\/apartmanmezistromy.cz\/wp-content\/uploads\/2020\/04\/10.jpg\" alt=\"\" data-id=\"183\" data-full-url=\"http:\/\/apartmanmezistromy.cz\/wp-content\/uploads\/2020\/04\/10.jpg\" data-link=\"http:\/\/apartmanmezistromy.cz\/10\/\" class=\"wp-image-183\" srcset=\"https:\/\/apartmanmezistromy.cz\/wp-content\/uploads\/2020\/04\/10.jpg 780w, https:\/\/apartmanmezistromy.cz\/wp-content\/uploads\/2020\/04\/10-300x225.jpg 300w, https:\/\/apartmanmezistromy.cz\/wp-content\/uploads\/2020\/04\/10-768x576.jpg 768w, https:\/\/apartmanmezistromy.cz\/wp-content\/uploads\/2020\/04\/10-375x281.jpg 375w\" sizes=\"auto, (max-width: 780px) 100vw, 780px\" \/><\/figure><\/li><\/ul><\/figure>\n<\/div><\/div>\n\n\n\n<p>Ve\u010der m\u016f\u017eete nav\u0161t\u00edvit solnou jeskyni, zaj\u00edt si na ku\u017eelky \u010di dobrou ve\u010de\u0159i, pak se stavit v legend\u00e1rn\u00edm music baru \u0160nekolend nebo Korej. Samoz\u0159ejmost\u00ed jsou i ly\u017ea\u0159sk\u00e9 \u0161koly, servisy a p\u016fj\u010dovny.<\/p>\n\n\n\n<div class=\"wp-block-group\"><div class=\"wp-block-group__inner-container is-layout-flow wp-block-group-is-layout-flow\">\n<figure class=\"wp-block-gallery columns-3 is-cropped wp-block-gallery-4 is-layout-flex wp-block-gallery-is-layout-flex\"><ul class=\"blocks-gallery-grid\"><li class=\"blocks-gallery-item\"><figure><img loading=\"lazy\" decoding=\"async\" width=\"1024\" height=\"683\" src=\"http:\/\/apartmanmezistromy.cz\/wp-content\/uploads\/2020\/05\/solna-1024x683.jpg\" alt=\"\" data-id=\"292\" data-full-url=\"http:\/\/apartmanmezistromy.cz\/wp-content\/uploads\/2020\/05\/solna.jpg\" data-link=\"http:\/\/apartmanmezistromy.cz\/zimni-sezona\/attachment\/solna\/\" class=\"wp-image-292\" srcset=\"https:\/\/apartmanmezistromy.cz\/wp-content\/uploads\/2020\/05\/solna-1024x683.jpg 1024w, https:\/\/apartmanmezistromy.cz\/wp-content\/uploads\/2020\/05\/solna-300x200.jpg 300w, https:\/\/apartmanmezistromy.cz\/wp-content\/uploads\/2020\/05\/solna-768x512.jpg 768w, https:\/\/apartmanmezistromy.cz\/wp-content\/uploads\/2020\/05\/solna-1536x1024.jpg 1536w, https:\/\/apartmanmezistromy.cz\/wp-content\/uploads\/2020\/05\/solna-375x250.jpg 375w, https:\/\/apartmanmezistromy.cz\/wp-content\/uploads\/2020\/05\/solna.jpg 1920w\" sizes=\"auto, (max-width: 1024px) 100vw, 1024px\" \/><\/figure><\/li><li class=\"blocks-gallery-item\"><figure><img loading=\"lazy\" decoding=\"async\" width=\"1024\" height=\"683\" src=\"http:\/\/apartmanmezistromy.cz\/wp-content\/uploads\/2020\/05\/kamikaze_3_large.jpg\" alt=\"\" data-id=\"291\" data-full-url=\"http:\/\/apartmanmezistromy.cz\/wp-content\/uploads\/2020\/05\/kamikaze_3_large.jpg\" data-link=\"http:\/\/apartmanmezistromy.cz\/zimni-sezona\/attachment\/kamikaze_3_large\/\" class=\"wp-image-291\" srcset=\"https:\/\/apartmanmezistromy.cz\/wp-content\/uploads\/2020\/05\/kamikaze_3_large.jpg 1024w, https:\/\/apartmanmezistromy.cz\/wp-content\/uploads\/2020\/05\/kamikaze_3_large-300x200.jpg 300w, https:\/\/apartmanmezistromy.cz\/wp-content\/uploads\/2020\/05\/kamikaze_3_large-768x512.jpg 768w, https:\/\/apartmanmezistromy.cz\/wp-content\/uploads\/2020\/05\/kamikaze_3_large-375x250.jpg 375w\" sizes=\"auto, (max-width: 1024px) 100vw, 1024px\" \/><\/figure><\/li><li class=\"blocks-gallery-item\"><figure><img loading=\"lazy\" decoding=\"async\" width=\"960\" height=\"635\" src=\"http:\/\/apartmanmezistromy.cz\/wp-content\/uploads\/2020\/05\/kuzelky.jpg\" alt=\"\" data-id=\"290\" data-full-url=\"http:\/\/apartmanmezistromy.cz\/wp-content\/uploads\/2020\/05\/kuzelky.jpg\" data-link=\"http:\/\/apartmanmezistromy.cz\/zimni-sezona\/attachment\/kuzelky\/\" class=\"wp-image-290\" srcset=\"https:\/\/apartmanmezistromy.cz\/wp-content\/uploads\/2020\/05\/kuzelky.jpg 960w, https:\/\/apartmanmezistromy.cz\/wp-content\/uploads\/2020\/05\/kuzelky-300x198.jpg 300w, https:\/\/apartmanmezistromy.cz\/wp-content\/uploads\/2020\/05\/kuzelky-768x508.jpg 768w, https:\/\/apartmanmezistromy.cz\/wp-content\/uploads\/2020\/05\/kuzelky-375x248.jpg 375w\" sizes=\"auto, (max-width: 960px) 100vw, 960px\" \/><\/figure><\/li><\/ul><\/figure>\n<\/div><\/div>\n\n\n\n<p class=\"has-text-align-center\">U n\u00e1s se nudit nebudete!<\/p>\n\n\n\n<div class=\"wp-block-group\"><div class=\"wp-block-group__inner-container is-layout-flow wp-block-group-is-layout-flow\">\n<figure class=\"wp-block-image size-large\"><img loading=\"lazy\" decoding=\"async\" width=\"959\" height=\"409\" src=\"http:\/\/apartmanmezistromy.cz\/wp-content\/uploads\/2020\/08\/zima-vrcholky-1.jpg\" alt=\"\" class=\"wp-image-406\" srcset=\"https:\/\/apartmanmezistromy.cz\/wp-content\/uploads\/2020\/08\/zima-vrcholky-1.jpg 959w, https:\/\/apartmanmezistromy.cz\/wp-content\/uploads\/2020\/08\/zima-vrcholky-1-300x128.jpg 300w, https:\/\/apartmanmezistromy.cz\/wp-content\/uploads\/2020\/08\/zima-vrcholky-1-768x328.jpg 768w, https:\/\/apartmanmezistromy.cz\/wp-content\/uploads\/2020\/08\/zima-vrcholky-1-375x160.jpg 375w\" sizes=\"auto, (max-width: 959px) 100vw, 959px\" \/><\/figure>\n<\/div><\/div>\n","protected":false},"excerpt":{"rendered":"<p>Apartm\u00e1n Mezi stromy se nach\u00e1z\u00ed p\u0159\u00edmo na sjezdovce. Sta\u010d\u00ed tedy jen nazout ly\u017ee a jet. Rokytnice nad Jizerou je jeden z nejv\u011bt\u0161\u00edch ly\u017ea\u0159sk\u00fdch are\u00e1l\u016f v \u010cesk\u00e9 republice. Skiare\u00e1l Horn\u00ed Domky, na jeho\u017e sjezdovce se na\u0161e ubytov\u00e1n\u00ed nach\u00e1z\u00ed, nab\u00edz\u00ed nejdel\u0161\u00ed sjezdovky v Krkono\u0161\u00edch. T\u011b\u0161it se m\u016f\u017eete na dv\u011b \u010dty\u0159seda\u010dkov\u00e9 lanov\u00e9 dr\u00e1hy &hellip;<\/p>\n","protected":false},"author":2,"featured_media":406,"parent":97,"menu_order":2,"comment_status":"closed","ping_status":"closed","template":"","meta":{"footnotes":""},"class_list":["post-200","page","type-page","status-publish","has-post-thumbnail","hentry"],"_links":{"self":[{"href":"https:\/\/apartmanmezistromy.cz\/cs\/wp-json\/wp\/v2\/pages\/200","targetHints":{"allow":["GET"]}}],"collection":[{"href":"https:\/\/apartmanmezistromy.cz\/cs\/wp-json\/wp\/v2\/pages"}],"about":[{"href":"https:\/\/apartmanmezistromy.cz\/cs\/wp-json\/wp\/v2\/types\/page"}],"author":[{"embeddable":true,"href":"https:\/\/apartmanmezistromy.cz\/cs\/wp-json\/wp\/v2\/users\/2"}],"replies":[{"embeddable":true,"href":"https:\/\/apartmanmezistromy.cz\/cs\/wp-json\/wp\/v2\/comments?post=200"}],"version-history":[{"count":24,"href":"https:\/\/apartmanmezistromy.cz\/cs\/wp-json\/wp\/v2\/pages\/200\/revisions"}],"predecessor-version":[{"id":451,"href":"https:\/\/apartmanmezistromy.cz\/cs\/wp-json\/wp\/v2\/pages\/200\/revisions\/451"}],"up":[{"embeddable":true,"href":"https:\/\/apartmanmezistromy.cz\/cs\/wp-json\/wp\/v2\/pages\/97"}],"wp:featuredmedia":[{"embeddable":true,"href":"https:\/\/apartmanmezistromy.cz\/cs\/wp-json\/wp\/v2\/media\/406"}],"wp:attachment":[{"href":"https:\/\/apartmanmezistromy.cz\/cs\/wp-json\/wp\/v2\/media?parent=200"}],"curies":[{"name":"wp","href":"https:\/\/api.w.org\/{rel}","templated":true}]}}