{"id":22,"date":"2020-04-17T18:52:22","date_gmt":"2020-04-17T18:52:22","guid":{"rendered":"http:\/\/apartmanmezistromy.cz\/?page_id=22"},"modified":"2020-05-01T17:47:11","modified_gmt":"2020-05-01T17:47:11","slug":"kontakt","status":"publish","type":"page","link":"https:\/\/apartmanmezistromy.cz\/cs\/kontakt\/","title":{"rendered":"Kontakt"},"content":{"rendered":"\n<p><strong><span class=\"has-inline-color has-accent-1-color\">Ji\u0159\u00ed Krause<\/span><\/strong><\/p>\n\n\n\n<p><strong><span class=\"has-inline-color has-accent-1-color\">adresa:<\/span> Horn\u00ed Rokytnice 707, 512 45 Rokytnice nad Jizerou<\/strong><\/p>\n\n\n\n<p><strong><span class=\"has-inline-color has-accent-1-color\">telefon:<\/span> 731 100 198<\/strong><\/p>\n\n\n\n<p><strong><span class=\"has-inline-color has-accent-1-color\">email:<\/span> info@apartmanmezistromy.cz<\/strong><\/p>\n\n\n\n<p><strong><span class=\"has-inline-color has-accent-1-color\">I\u010cO:<\/span><\/strong> 45596999<\/p>\n\n\n\n<p>zaps\u00e1no m\u011bstsk\u00fdm \u00fa\u0159adem Jilemnice dne 3. 11. 1992<\/p>\n\n\n\n<div class=\"wp-block-image\"><figure class=\"aligncenter size-large is-resized\"><img loading=\"lazy\" decoding=\"async\" src=\"http:\/\/apartmanmezistromy.cz\/wp-content\/uploads\/2020\/04\/1.jpg\" alt=\"\" class=\"wp-image-156\" width=\"736\" height=\"552\" srcset=\"https:\/\/apartmanmezistromy.cz\/wp-content\/uploads\/2020\/04\/1.jpg 780w, https:\/\/apartmanmezistromy.cz\/wp-content\/uploads\/2020\/04\/1-300x225.jpg 300w, https:\/\/apartmanmezistromy.cz\/wp-content\/uploads\/2020\/04\/1-768x576.jpg 768w, https:\/\/apartmanmezistromy.cz\/wp-content\/uploads\/2020\/04\/1-375x281.jpg 375w\" sizes=\"auto, (max-width: 736px) 100vw, 736px\" \/><\/figure><\/div>\n\n\n\n<figure class=\"wp-block-gallery columns-3 is-cropped wp-block-gallery-1 is-layout-flex wp-block-gallery-is-layout-flex\"><ul class=\"blocks-gallery-grid\"><li class=\"blocks-gallery-item\"><figure><img loading=\"lazy\" decoding=\"async\" width=\"827\" height=\"628\" src=\"http:\/\/apartmanmezistromy.cz\/wp-content\/uploads\/2020\/05\/snek.jpg\" alt=\"\" data-id=\"256\" data-full-url=\"http:\/\/apartmanmezistromy.cz\/wp-content\/uploads\/2020\/05\/snek.jpg\" data-link=\"http:\/\/apartmanmezistromy.cz\/ubytovani\/attachment\/snek\/\" class=\"wp-image-256\" srcset=\"https:\/\/apartmanmezistromy.cz\/wp-content\/uploads\/2020\/05\/snek.jpg 827w, https:\/\/apartmanmezistromy.cz\/wp-content\/uploads\/2020\/05\/snek-300x228.jpg 300w, https:\/\/apartmanmezistromy.cz\/wp-content\/uploads\/2020\/05\/snek-768x583.jpg 768w, https:\/\/apartmanmezistromy.cz\/wp-content\/uploads\/2020\/05\/snek-375x285.jpg 375w\" sizes=\"auto, (max-width: 827px) 100vw, 827px\" \/><\/figure><\/li><li class=\"blocks-gallery-item\"><figure><img loading=\"lazy\" decoding=\"async\" width=\"720\" height=\"513\" src=\"http:\/\/apartmanmezistromy.cz\/wp-content\/uploads\/2020\/05\/slunce_stromy-e1588328018134.jpg\" alt=\"\" data-id=\"226\" data-full-url=\"http:\/\/apartmanmezistromy.cz\/wp-content\/uploads\/2020\/05\/slunce_stromy-e1588328018134.jpg\" data-link=\"http:\/\/apartmanmezistromy.cz\/slunce_stromy\/\" class=\"wp-image-226\" srcset=\"https:\/\/apartmanmezistromy.cz\/wp-content\/uploads\/2020\/05\/slunce_stromy-e1588328018134.jpg 720w, https:\/\/apartmanmezistromy.cz\/wp-content\/uploads\/2020\/05\/slunce_stromy-e1588328018134-300x214.jpg 300w, https:\/\/apartmanmezistromy.cz\/wp-content\/uploads\/2020\/05\/slunce_stromy-e1588328018134-375x267.jpg 375w\" sizes=\"auto, (max-width: 720px) 100vw, 720px\" \/><\/figure><\/li><li class=\"blocks-gallery-item\"><figure><img loading=\"lazy\" decoding=\"async\" width=\"328\" height=\"407\" src=\"http:\/\/apartmanmezistromy.cz\/wp-content\/uploads\/2020\/05\/hutak.jpg\" alt=\"\" data-id=\"255\" data-full-url=\"http:\/\/apartmanmezistromy.cz\/wp-content\/uploads\/2020\/05\/hutak.jpg\" data-link=\"http:\/\/apartmanmezistromy.cz\/ubytovani\/attachment\/hutak\/\" class=\"wp-image-255\" srcset=\"https:\/\/apartmanmezistromy.cz\/wp-content\/uploads\/2020\/05\/hutak.jpg 328w, https:\/\/apartmanmezistromy.cz\/wp-content\/uploads\/2020\/05\/hutak-242x300.jpg 242w, https:\/\/apartmanmezistromy.cz\/wp-content\/uploads\/2020\/05\/hutak-282x350.jpg 282w\" sizes=\"auto, (max-width: 328px) 100vw, 328px\" \/><\/figure><\/li><\/ul><\/figure>\n\n\n\n<div class=\"wp-block-image\"><figure class=\"aligncenter size-large is-resized\"><img loading=\"lazy\" decoding=\"async\" src=\"http:\/\/apartmanmezistromy.cz\/wp-content\/uploads\/2020\/05\/zima_hora.jpg\" alt=\"\" class=\"wp-image-248\" width=\"751\" height=\"563\" srcset=\"https:\/\/apartmanmezistromy.cz\/wp-content\/uploads\/2020\/05\/zima_hora.jpg 960w, https:\/\/apartmanmezistromy.cz\/wp-content\/uploads\/2020\/05\/zima_hora-300x225.jpg 300w, https:\/\/apartmanmezistromy.cz\/wp-content\/uploads\/2020\/05\/zima_hora-768x576.jpg 768w, https:\/\/apartmanmezistromy.cz\/wp-content\/uploads\/2020\/05\/zima_hora-375x281.jpg 375w\" sizes=\"auto, (max-width: 751px) 100vw, 751px\" \/><\/figure><\/div>\n","protected":false},"excerpt":{"rendered":"<p>Ji\u0159\u00ed Krause adresa: Horn\u00ed Rokytnice 707, 512 45 Rokytnice nad Jizerou telefon: 731 100 198 email: info@apartmanmezistromy.cz I\u010cO: 45596999 zaps\u00e1no m\u011bstsk\u00fdm \u00fa\u0159adem Jilemnice dne 3. 11. 1992<\/p>\n","protected":false},"author":1,"featured_media":156,"parent":0,"menu_order":0,"comment_status":"closed","ping_status":"closed","template":"","meta":{"footnotes":""},"class_list":["post-22","page","type-page","status-publish","has-post-thumbnail","hentry"],"_links":{"self":[{"href":"https:\/\/apartmanmezistromy.cz\/cs\/wp-json\/wp\/v2\/pages\/22","targetHints":{"allow":["GET"]}}],"collection":[{"href":"https:\/\/apartmanmezistromy.cz\/cs\/wp-json\/wp\/v2\/pages"}],"about":[{"href":"https:\/\/apartmanmezistromy.cz\/cs\/wp-json\/wp\/v2\/types\/page"}],"author":[{"embeddable":true,"href":"https:\/\/apartmanmezistromy.cz\/cs\/wp-json\/wp\/v2\/users\/1"}],"replies":[{"embeddable":true,"href":"https:\/\/apartmanmezistromy.cz\/cs\/wp-json\/wp\/v2\/comments?post=22"}],"version-history":[{"count":6,"href":"https:\/\/apartmanmezistromy.cz\/cs\/wp-json\/wp\/v2\/pages\/22\/revisions"}],"predecessor-version":[{"id":263,"href":"https:\/\/apartmanmezistromy.cz\/cs\/wp-json\/wp\/v2\/pages\/22\/revisions\/263"}],"wp:featuredmedia":[{"embeddable":true,"href":"https:\/\/apartmanmezistromy.cz\/cs\/wp-json\/wp\/v2\/media\/156"}],"wp:attachment":[{"href":"https:\/\/apartmanmezistromy.cz\/cs\/wp-json\/wp\/v2\/media?parent=22"}],"curies":[{"name":"wp","href":"https:\/\/api.w.org\/{rel}","templated":true}]}}