{"id":3,"date":"2020-04-17T12:58:26","date_gmt":"2020-04-17T12:58:26","guid":{"rendered":"http:\/\/apartmanmezistromy.cz\/?page_id=3"},"modified":"2020-06-18T08:30:52","modified_gmt":"2020-06-18T08:30:52","slug":"privacy-policy","status":"publish","type":"page","link":"https:\/\/apartmanmezistromy.cz\/cs\/privacy-policy\/","title":{"rendered":"Z\u00e1sady zpracov\u00e1n\u00ed osobn\u00edch \u00fadaj\u016f"},"content":{"rendered":"\n<p><strong>Pravidla zpracov\u00e1n\u00ed osobn\u00edch \u00fadaj\u016f v souladu s&nbsp;GDPR<\/strong><\/p>\n\n\n\n<p>C\u00edlem z\u00e1sad ochrany osobn\u00edch \u00fadaj\u016f je poskytnout na\u0161im host\u016fm informace o&nbsp;tom, jak Aparm\u00e1n mezi stromy shroma\u017e\u010fuje a&nbsp;vyu\u017e\u00edv\u00e1 osobn\u00ed data v&nbsp;r\u00e1mci sv\u00e9 \u010dinnosti.<\/p>\n\n\n\n<p><strong>Jak\u00e9 \u00fadaje zpracov\u00e1v\u00e1me a pro\u010d?<\/strong><\/p>\n\n\n\n<p>Va\u0161e osobn\u00ed \u00fadaje zpracov\u00e1v\u00e1me a uchov\u00e1v\u00e1me na z\u00e1klad\u011b pr\u00e1vn\u00ed povinnosti zpracov\u00e1vat osobn\u00ed \u00fadaje. Po\u017eadujeme osobn\u00ed \u00fadaje pouze nezbytn\u011b nutn\u00e9 pro ubytov\u00e1n\u00ed klient\u016f, na z\u00e1klad\u011b vyhl\u00e1\u0161ky m\u011bsta Rokytnice nad Jizerou. Konkr\u00e9tn\u011b se jedn\u00e1 o \u00fadaje do ubytovac\u00ed knihy \u2013 &nbsp;jm\u00e9no, datum narozen\u00ed a bydli\u0161t\u011b.<\/p>\n\n\n\n<p><strong>Jak m\u00e1me \u00fadaje zabezpe\u010deny?<\/strong><\/p>\n\n\n\n<p>M\u00e1te pr\u00e1vo od n\u00e1s o\u010dek\u00e1vat ochranu va\u0161ich osobn\u00edch \u00fadaj\u016f a&nbsp;zaji\u0161t\u011bn\u00ed jejich zabezpe\u010den\u00ed. Tyto Z\u00e1sady ochrany osobn\u00edch \u00fadaj\u016f budeme v\u017edy dodr\u017eovat v&nbsp;souvislosti se v\u0161emi \u00fadaji, kter\u00e9 od v\u00e1s shroma\u017e\u010fujeme. Ti\u0161t\u011bn\u00e9 dokumenty jsou v&nbsp;uzam\u010den\u00fdch prostor\u00e1ch, k&nbsp;nim\u017e maj\u00ed kl\u00ed\u010de jen pov\u011b\u0159en\u00e9 osoby. Dokumenty v&nbsp;elektronick\u00e9 podob\u011b jsou zaopat\u0159eny siln\u00fdmi hesly, kter\u00e1 znaj\u00ed pouze pov\u011b\u0159en\u00e9 osoby. Pov\u011b\u0159en\u00e9 osoby absolvovali &nbsp;\u0161kolen\u00ed o ochran\u011b osobn\u00edch \u00fadaj\u016f.<\/p>\n\n\n\n<p><\/p>\n\n\n\n<h2 class=\"wp-block-heading\"><\/h2>\n\n\n\n<h3 class=\"wp-block-heading\"><\/h3>\n\n\n\n<p><\/p>\n\n\n\n<h3 class=\"wp-block-heading\"><\/h3>\n\n\n\n<h2 class=\"wp-block-heading\"><\/h2>\n\n\n\n<h2 class=\"wp-block-heading\"><\/h2>\n\n\n\n<h2 class=\"wp-block-heading\"><\/h2>\n\n\n\n<p><\/p>\n\n\n\n<h2 class=\"wp-block-heading\"><\/h2>\n\n\n\n<h2 class=\"wp-block-heading\"><\/h2>\n\n\n\n<h2 class=\"wp-block-heading\"><\/h2>\n\n\n\n<h3 class=\"wp-block-heading\"><\/h3>\n\n\n\n<h3 class=\"wp-block-heading\"><\/h3>\n","protected":false},"excerpt":{"rendered":"<p>Pravidla zpracov\u00e1n\u00ed osobn\u00edch \u00fadaj\u016f v souladu s&nbsp;GDPR C\u00edlem z\u00e1sad ochrany osobn\u00edch \u00fadaj\u016f je poskytnout na\u0161im host\u016fm informace o&nbsp;tom, jak Aparm\u00e1n mezi stromy shroma\u017e\u010fuje a&nbsp;vyu\u017e\u00edv\u00e1 osobn\u00ed data v&nbsp;r\u00e1mci sv\u00e9 \u010dinnosti. Jak\u00e9 \u00fadaje zpracov\u00e1v\u00e1me a pro\u010d? Va\u0161e osobn\u00ed \u00fadaje zpracov\u00e1v\u00e1me a uchov\u00e1v\u00e1me na z\u00e1klad\u011b pr\u00e1vn\u00ed povinnosti zpracov\u00e1vat osobn\u00ed \u00fadaje. Po\u017eadujeme osobn\u00ed \u00fadaje &hellip;<\/p>\n","protected":false},"author":1,"featured_media":0,"parent":0,"menu_order":0,"comment_status":"closed","ping_status":"open","template":"","meta":{"footnotes":""},"class_list":["post-3","page","type-page","status-publish","hentry"],"_links":{"self":[{"href":"https:\/\/apartmanmezistromy.cz\/cs\/wp-json\/wp\/v2\/pages\/3","targetHints":{"allow":["GET"]}}],"collection":[{"href":"https:\/\/apartmanmezistromy.cz\/cs\/wp-json\/wp\/v2\/pages"}],"about":[{"href":"https:\/\/apartmanmezistromy.cz\/cs\/wp-json\/wp\/v2\/types\/page"}],"author":[{"embeddable":true,"href":"https:\/\/apartmanmezistromy.cz\/cs\/wp-json\/wp\/v2\/users\/1"}],"replies":[{"embeddable":true,"href":"https:\/\/apartmanmezistromy.cz\/cs\/wp-json\/wp\/v2\/comments?post=3"}],"version-history":[{"count":2,"href":"https:\/\/apartmanmezistromy.cz\/cs\/wp-json\/wp\/v2\/pages\/3\/revisions"}],"predecessor-version":[{"id":203,"href":"https:\/\/apartmanmezistromy.cz\/cs\/wp-json\/wp\/v2\/pages\/3\/revisions\/203"}],"wp:attachment":[{"href":"https:\/\/apartmanmezistromy.cz\/cs\/wp-json\/wp\/v2\/media?parent=3"}],"curies":[{"name":"wp","href":"https:\/\/api.w.org\/{rel}","templated":true}]}}