{"id":308,"date":"2020-05-17T17:09:40","date_gmt":"2020-05-17T17:09:40","guid":{"rendered":"http:\/\/apartmanmezistromy.cz\/?page_id=308"},"modified":"2020-05-17T20:08:13","modified_gmt":"2020-05-17T20:08:13","slug":"letni-sezona","status":"publish","type":"page","link":"https:\/\/apartmanmezistromy.cz\/cs\/okoli\/letni-sezona\/","title":{"rendered":"Letn\u00ed sez\u00f3na"},"content":{"rendered":"\n<p>Rokytnice nad Jizerou nab\u00edz\u00ed velik\u00e9 mno\u017estv\u00ed z\u00e1bavy i odpo\u010dinku v&nbsp;ka\u017ed\u00e9 ro\u010dn\u00ed dob\u011b. Pokud jste se rozhodli u n\u00e1s str\u00e1vit <strong>jaro, l\u00e9to, \u010di podzim<\/strong>, m\u00e1me pro V\u00e1s p\u00e1r tip\u016f, jak nalo\u017eit s&nbsp;voln\u00fdm \u010dasem. <\/p>\n\n\n\n<p>Nevyberete-li si z&nbsp;t\u011bch p\u0159ipraven\u00fdch, r\u00e1di V\u00e1m vytvo\u0159\u00edme program na m\u00edru :).<\/p>\n\n\n\n<figure class=\"wp-block-gallery columns-3 is-cropped wp-block-gallery-1 is-layout-flex wp-block-gallery-is-layout-flex\"><ul class=\"blocks-gallery-grid\"><li class=\"blocks-gallery-item\"><figure><img loading=\"lazy\" decoding=\"async\" width=\"960\" height=\"540\" src=\"http:\/\/apartmanmezistromy.cz\/wp-content\/uploads\/2020\/05\/jaro3.jpg\" alt=\"\" data-id=\"330\" data-link=\"http:\/\/apartmanmezistromy.cz\/okoli\/letni-sezona\/attachment\/jaro3\/\" class=\"wp-image-330\" srcset=\"https:\/\/apartmanmezistromy.cz\/wp-content\/uploads\/2020\/05\/jaro3.jpg 960w, https:\/\/apartmanmezistromy.cz\/wp-content\/uploads\/2020\/05\/jaro3-300x169.jpg 300w, https:\/\/apartmanmezistromy.cz\/wp-content\/uploads\/2020\/05\/jaro3-768x432.jpg 768w, https:\/\/apartmanmezistromy.cz\/wp-content\/uploads\/2020\/05\/jaro3-375x211.jpg 375w\" sizes=\"auto, (max-width: 960px) 100vw, 960px\" \/><\/figure><\/li><li class=\"blocks-gallery-item\"><figure><img loading=\"lazy\" decoding=\"async\" width=\"780\" height=\"585\" src=\"http:\/\/apartmanmezistromy.cz\/wp-content\/uploads\/2020\/05\/jaro4.jpg\" alt=\"\" data-id=\"331\" data-link=\"http:\/\/apartmanmezistromy.cz\/okoli\/letni-sezona\/attachment\/jaro4\/\" class=\"wp-image-331\" srcset=\"https:\/\/apartmanmezistromy.cz\/wp-content\/uploads\/2020\/05\/jaro4.jpg 780w, https:\/\/apartmanmezistromy.cz\/wp-content\/uploads\/2020\/05\/jaro4-300x225.jpg 300w, https:\/\/apartmanmezistromy.cz\/wp-content\/uploads\/2020\/05\/jaro4-768x576.jpg 768w, https:\/\/apartmanmezistromy.cz\/wp-content\/uploads\/2020\/05\/jaro4-375x281.jpg 375w\" sizes=\"auto, (max-width: 780px) 100vw, 780px\" \/><\/figure><\/li><li class=\"blocks-gallery-item\"><figure><img loading=\"lazy\" decoding=\"async\" width=\"960\" height=\"720\" src=\"http:\/\/apartmanmezistromy.cz\/wp-content\/uploads\/2020\/05\/jaro5.jpg\" alt=\"\" data-id=\"332\" data-full-url=\"http:\/\/apartmanmezistromy.cz\/wp-content\/uploads\/2020\/05\/jaro5.jpg\" data-link=\"http:\/\/apartmanmezistromy.cz\/okoli\/letni-sezona\/attachment\/jaro5\/\" class=\"wp-image-332\" srcset=\"https:\/\/apartmanmezistromy.cz\/wp-content\/uploads\/2020\/05\/jaro5.jpg 960w, https:\/\/apartmanmezistromy.cz\/wp-content\/uploads\/2020\/05\/jaro5-300x225.jpg 300w, https:\/\/apartmanmezistromy.cz\/wp-content\/uploads\/2020\/05\/jaro5-768x576.jpg 768w, https:\/\/apartmanmezistromy.cz\/wp-content\/uploads\/2020\/05\/jaro5-375x281.jpg 375w\" sizes=\"auto, (max-width: 960px) 100vw, 960px\" \/><\/figure><\/li><\/ul><\/figure>\n\n\n\n<p><strong>Nejbli\u017e\u0161\u00ed okol\u00ed<\/strong><\/p>\n\n\n\n<p>Lanov\u00fd park, bikepark, m\u011bstsk\u00e1 hala, v\u00edce info <a href=\"https:\/\/www.skiareal-rokytnice.cz\/\">ZDE<\/a>, tenisov\u00e9 kurty, volejbalov\u00e9 h\u0159i\u0161t\u011b, summertubing, posilovna, ku\u017eelna, soln\u00e1 jeskyn\u011b, music bar \u0160nekolend a Korej, restaurace a cukr\u00e1rny<\/p>\n\n\n\n<figure class=\"wp-block-gallery columns-3 is-cropped wp-block-gallery-2 is-layout-flex wp-block-gallery-is-layout-flex\"><ul class=\"blocks-gallery-grid\"><li class=\"blocks-gallery-item\"><figure><img loading=\"lazy\" decoding=\"async\" width=\"1024\" height=\"686\" src=\"http:\/\/apartmanmezistromy.cz\/wp-content\/uploads\/2020\/05\/dsc01034_large.jpg\" alt=\"\" data-id=\"333\" data-link=\"http:\/\/apartmanmezistromy.cz\/okoli\/letni-sezona\/attachment\/dsc01034_large\/\" class=\"wp-image-333\" srcset=\"https:\/\/apartmanmezistromy.cz\/wp-content\/uploads\/2020\/05\/dsc01034_large.jpg 1024w, https:\/\/apartmanmezistromy.cz\/wp-content\/uploads\/2020\/05\/dsc01034_large-300x201.jpg 300w, https:\/\/apartmanmezistromy.cz\/wp-content\/uploads\/2020\/05\/dsc01034_large-768x515.jpg 768w, https:\/\/apartmanmezistromy.cz\/wp-content\/uploads\/2020\/05\/dsc01034_large-375x251.jpg 375w\" sizes=\"auto, (max-width: 1024px) 100vw, 1024px\" \/><\/figure><\/li><li class=\"blocks-gallery-item\"><figure><img loading=\"lazy\" decoding=\"async\" width=\"1024\" height=\"742\" src=\"http:\/\/apartmanmezistromy.cz\/wp-content\/uploads\/2020\/05\/img_1889_large.jpg\" alt=\"\" data-id=\"334\" data-link=\"http:\/\/apartmanmezistromy.cz\/okoli\/letni-sezona\/attachment\/img_1889_large\/\" class=\"wp-image-334\" srcset=\"https:\/\/apartmanmezistromy.cz\/wp-content\/uploads\/2020\/05\/img_1889_large.jpg 1024w, https:\/\/apartmanmezistromy.cz\/wp-content\/uploads\/2020\/05\/img_1889_large-300x217.jpg 300w, https:\/\/apartmanmezistromy.cz\/wp-content\/uploads\/2020\/05\/img_1889_large-768x557.jpg 768w, https:\/\/apartmanmezistromy.cz\/wp-content\/uploads\/2020\/05\/img_1889_large-375x272.jpg 375w\" sizes=\"auto, (max-width: 1024px) 100vw, 1024px\" \/><\/figure><\/li><li class=\"blocks-gallery-item\"><figure><img loading=\"lazy\" decoding=\"async\" width=\"1024\" height=\"576\" src=\"http:\/\/apartmanmezistromy.cz\/wp-content\/uploads\/2020\/05\/lanovy_park_001_large.jpg\" alt=\"\" data-id=\"335\" data-full-url=\"http:\/\/apartmanmezistromy.cz\/wp-content\/uploads\/2020\/05\/lanovy_park_001_large.jpg\" data-link=\"http:\/\/apartmanmezistromy.cz\/okoli\/letni-sezona\/attachment\/lanovy_park_001_large\/\" class=\"wp-image-335\" srcset=\"https:\/\/apartmanmezistromy.cz\/wp-content\/uploads\/2020\/05\/lanovy_park_001_large.jpg 1024w, https:\/\/apartmanmezistromy.cz\/wp-content\/uploads\/2020\/05\/lanovy_park_001_large-300x169.jpg 300w, https:\/\/apartmanmezistromy.cz\/wp-content\/uploads\/2020\/05\/lanovy_park_001_large-768x432.jpg 768w, https:\/\/apartmanmezistromy.cz\/wp-content\/uploads\/2020\/05\/lanovy_park_001_large-375x211.jpg 375w\" sizes=\"auto, (max-width: 1024px) 100vw, 1024px\" \/><\/figure><\/li><\/ul><\/figure>\n\n\n\n<p><strong>Koup\u00e1n\u00ed<\/strong><\/p>\n\n\n\n<p>Plaveck\u00fd baz\u00e9n v&nbsp;Jablonci nad Jizerou o rozm\u011brech 50 x 25 m, d\u011btsk\u00e9 koupali\u0161t\u011b se skluzavkou, travnat\u00e1 pl\u00e1\u017e, WC, sprchy, p\u0159evl\u00e9k\u00e1rny, st\u00e1nek s&nbsp;ob\u010derstven\u00edm, vzd\u00e1lenost 8 km<\/p>\n\n\n\n<p>Dal\u0161\u00ed mo\u017enosti: plov\u00e1rna Sklena\u0159ice 12 km, koupali\u0161t\u011b Harrachov 14 km (nejstuden\u011bj\u0161\u00ed), koupali\u0161t\u011b Zlat\u00e1 Ole\u0161nice 16 km (n\u00e1\u0161 tip), koupali\u0161t\u011b Ponikl\u00e1 16 km<\/p>\n\n\n\n<figure class=\"wp-block-gallery columns-3 is-cropped wp-block-gallery-3 is-layout-flex wp-block-gallery-is-layout-flex\"><ul class=\"blocks-gallery-grid\"><li class=\"blocks-gallery-item\"><figure><img loading=\"lazy\" decoding=\"async\" width=\"800\" height=\"600\" src=\"http:\/\/apartmanmezistromy.cz\/wp-content\/uploads\/2020\/05\/koupaliste.jpeg\" alt=\"\" data-id=\"337\" data-link=\"http:\/\/apartmanmezistromy.cz\/okoli\/letni-sezona\/attachment\/koupaliste\/\" class=\"wp-image-337\" srcset=\"https:\/\/apartmanmezistromy.cz\/wp-content\/uploads\/2020\/05\/koupaliste.jpeg 800w, https:\/\/apartmanmezistromy.cz\/wp-content\/uploads\/2020\/05\/koupaliste-300x225.jpeg 300w, https:\/\/apartmanmezistromy.cz\/wp-content\/uploads\/2020\/05\/koupaliste-768x576.jpeg 768w, https:\/\/apartmanmezistromy.cz\/wp-content\/uploads\/2020\/05\/koupaliste-375x281.jpeg 375w\" sizes=\"auto, (max-width: 800px) 100vw, 800px\" \/><figcaption class=\"blocks-gallery-item__caption\">koupali\u0161t\u011b Jablonec nad Jizerou<\/figcaption><\/figure><\/li><li class=\"blocks-gallery-item\"><figure><img loading=\"lazy\" decoding=\"async\" width=\"512\" height=\"384\" src=\"http:\/\/apartmanmezistromy.cz\/wp-content\/uploads\/2020\/05\/ponikla_koupaliste.jpg\" alt=\"\" data-id=\"340\" data-link=\"http:\/\/apartmanmezistromy.cz\/okoli\/letni-sezona\/attachment\/ponikla_koupaliste\/\" class=\"wp-image-340\" srcset=\"https:\/\/apartmanmezistromy.cz\/wp-content\/uploads\/2020\/05\/ponikla_koupaliste.jpg 512w, https:\/\/apartmanmezistromy.cz\/wp-content\/uploads\/2020\/05\/ponikla_koupaliste-300x225.jpg 300w, https:\/\/apartmanmezistromy.cz\/wp-content\/uploads\/2020\/05\/ponikla_koupaliste-375x281.jpg 375w\" sizes=\"auto, (max-width: 512px) 100vw, 512px\" \/><figcaption class=\"blocks-gallery-item__caption\">koupali\u0161t\u011b Ponikl\u00e1<\/figcaption><\/figure><\/li><li class=\"blocks-gallery-item\"><figure><img loading=\"lazy\" decoding=\"async\" width=\"600\" height=\"400\" src=\"http:\/\/apartmanmezistromy.cz\/wp-content\/uploads\/2020\/05\/olesnice_koupaliste.jpg\" alt=\"\" data-id=\"350\" data-full-url=\"http:\/\/apartmanmezistromy.cz\/wp-content\/uploads\/2020\/05\/olesnice_koupaliste.jpg\" data-link=\"http:\/\/apartmanmezistromy.cz\/okoli\/letni-sezona\/attachment\/olesnice_koupaliste\/\" class=\"wp-image-350\" srcset=\"https:\/\/apartmanmezistromy.cz\/wp-content\/uploads\/2020\/05\/olesnice_koupaliste.jpg 600w, https:\/\/apartmanmezistromy.cz\/wp-content\/uploads\/2020\/05\/olesnice_koupaliste-300x200.jpg 300w, https:\/\/apartmanmezistromy.cz\/wp-content\/uploads\/2020\/05\/olesnice_koupaliste-375x250.jpg 375w\" sizes=\"auto, (max-width: 600px) 100vw, 600px\" \/><figcaption class=\"blocks-gallery-item__caption\">koupali\u0161t\u011b Zlat\u00e1 Ole\u0161nice<\/figcaption><\/figure><\/li><\/ul><\/figure>\n\n\n\n<p><strong>Krkono\u0161sk\u00e1 muzea<\/strong><\/p>\n\n\n\n<p>Vlastiv\u011bdn\u00e9 muzeum ve Vysok\u00e9m nad Jizerou, Krkono\u0161sk\u00e9 muzeum v Jilemnici, Skl\u00e1\u0159sk\u00e9 muzeum a Hornick\u00e9 muzeum v Harrachov\u011b, Ski muzeum Harrachov, Muzeum a galerie Star\u00fd krav\u00edn ve Franti\u0161kov\u011b, Muzeum star\u00fdch \u0159emesel v&nbsp;Ponikl\u00e9.<\/p>\n\n\n\n<figure class=\"wp-block-gallery columns-3 is-cropped wp-block-gallery-4 is-layout-flex wp-block-gallery-is-layout-flex\"><ul class=\"blocks-gallery-grid\"><li class=\"blocks-gallery-item\"><figure><img loading=\"lazy\" decoding=\"async\" width=\"680\" height=\"450\" src=\"http:\/\/apartmanmezistromy.cz\/wp-content\/uploads\/2020\/05\/muzeum_vysoke-1.jpg\" alt=\"\" data-id=\"345\" data-full-url=\"http:\/\/apartmanmezistromy.cz\/wp-content\/uploads\/2020\/05\/muzeum_vysoke-1.jpg\" data-link=\"http:\/\/apartmanmezistromy.cz\/okoli\/letni-sezona\/attachment\/muzeum_vysoke-1\/\" class=\"wp-image-345\" srcset=\"https:\/\/apartmanmezistromy.cz\/wp-content\/uploads\/2020\/05\/muzeum_vysoke-1.jpg 680w, https:\/\/apartmanmezistromy.cz\/wp-content\/uploads\/2020\/05\/muzeum_vysoke-1-300x199.jpg 300w, https:\/\/apartmanmezistromy.cz\/wp-content\/uploads\/2020\/05\/muzeum_vysoke-1-375x248.jpg 375w\" sizes=\"auto, (max-width: 680px) 100vw, 680px\" \/><\/figure><\/li><li class=\"blocks-gallery-item\"><figure><img loading=\"lazy\" decoding=\"async\" width=\"800\" height=\"600\" src=\"http:\/\/apartmanmezistromy.cz\/wp-content\/uploads\/2020\/05\/muzeum_neco.jpg\" alt=\"\" data-id=\"344\" data-full-url=\"http:\/\/apartmanmezistromy.cz\/wp-content\/uploads\/2020\/05\/muzeum_neco.jpg\" data-link=\"http:\/\/apartmanmezistromy.cz\/okoli\/letni-sezona\/attachment\/muzeum_neco\/\" class=\"wp-image-344\" srcset=\"https:\/\/apartmanmezistromy.cz\/wp-content\/uploads\/2020\/05\/muzeum_neco.jpg 800w, https:\/\/apartmanmezistromy.cz\/wp-content\/uploads\/2020\/05\/muzeum_neco-300x225.jpg 300w, https:\/\/apartmanmezistromy.cz\/wp-content\/uploads\/2020\/05\/muzeum_neco-768x576.jpg 768w, https:\/\/apartmanmezistromy.cz\/wp-content\/uploads\/2020\/05\/muzeum_neco-375x281.jpg 375w\" sizes=\"auto, (max-width: 800px) 100vw, 800px\" \/><\/figure><\/li><li class=\"blocks-gallery-item\"><figure><img loading=\"lazy\" decoding=\"async\" width=\"800\" height=\"600\" src=\"http:\/\/apartmanmezistromy.cz\/wp-content\/uploads\/2020\/05\/muzeum_remesel.jpg\" alt=\"\" data-id=\"347\" data-full-url=\"http:\/\/apartmanmezistromy.cz\/wp-content\/uploads\/2020\/05\/muzeum_remesel.jpg\" data-link=\"http:\/\/apartmanmezistromy.cz\/okoli\/letni-sezona\/attachment\/muzeum_remesel\/\" class=\"wp-image-347\" srcset=\"https:\/\/apartmanmezistromy.cz\/wp-content\/uploads\/2020\/05\/muzeum_remesel.jpg 800w, https:\/\/apartmanmezistromy.cz\/wp-content\/uploads\/2020\/05\/muzeum_remesel-300x225.jpg 300w, https:\/\/apartmanmezistromy.cz\/wp-content\/uploads\/2020\/05\/muzeum_remesel-768x576.jpg 768w, https:\/\/apartmanmezistromy.cz\/wp-content\/uploads\/2020\/05\/muzeum_remesel-375x281.jpg 375w\" sizes=\"auto, (max-width: 800px) 100vw, 800px\" \/><\/figure><\/li><\/ul><\/figure>\n\n\n\n<p><strong>Rozhledny<\/strong><\/p>\n\n\n\n<p>\u0160t\u011bp\u00e1nka, \u017dal\u00fd na Benecku, Maj\u00e1k J\u00e1ry Cimrmana, U Borovice, Sovinec<\/p>\n","protected":false},"excerpt":{"rendered":"<p>Rokytnice nad Jizerou nab\u00edz\u00ed velik\u00e9 mno\u017estv\u00ed z\u00e1bavy i odpo\u010dinku v&nbsp;ka\u017ed\u00e9 ro\u010dn\u00ed dob\u011b. Pokud jste se rozhodli u n\u00e1s str\u00e1vit jaro, l\u00e9to, \u010di podzim, m\u00e1me pro V\u00e1s p\u00e1r tip\u016f, jak nalo\u017eit s&nbsp;voln\u00fdm \u010dasem. Nevyberete-li si z&nbsp;t\u011bch p\u0159ipraven\u00fdch, r\u00e1di V\u00e1m vytvo\u0159\u00edme program na m\u00edru :). Nejbli\u017e\u0161\u00ed okol\u00ed Lanov\u00fd park, bikepark, m\u011bstsk\u00e1 hala, &hellip;<\/p>\n","protected":false},"author":2,"featured_media":329,"parent":97,"menu_order":2,"comment_status":"closed","ping_status":"closed","template":"","meta":{"footnotes":""},"class_list":["post-308","page","type-page","status-publish","has-post-thumbnail","hentry"],"_links":{"self":[{"href":"https:\/\/apartmanmezistromy.cz\/cs\/wp-json\/wp\/v2\/pages\/308","targetHints":{"allow":["GET"]}}],"collection":[{"href":"https:\/\/apartmanmezistromy.cz\/cs\/wp-json\/wp\/v2\/pages"}],"about":[{"href":"https:\/\/apartmanmezistromy.cz\/cs\/wp-json\/wp\/v2\/types\/page"}],"author":[{"embeddable":true,"href":"https:\/\/apartmanmezistromy.cz\/cs\/wp-json\/wp\/v2\/users\/2"}],"replies":[{"embeddable":true,"href":"https:\/\/apartmanmezistromy.cz\/cs\/wp-json\/wp\/v2\/comments?post=308"}],"version-history":[{"count":11,"href":"https:\/\/apartmanmezistromy.cz\/cs\/wp-json\/wp\/v2\/pages\/308\/revisions"}],"predecessor-version":[{"id":421,"href":"https:\/\/apartmanmezistromy.cz\/cs\/wp-json\/wp\/v2\/pages\/308\/revisions\/421"}],"up":[{"embeddable":true,"href":"https:\/\/apartmanmezistromy.cz\/cs\/wp-json\/wp\/v2\/pages\/97"}],"wp:featuredmedia":[{"embeddable":true,"href":"https:\/\/apartmanmezistromy.cz\/cs\/wp-json\/wp\/v2\/media\/329"}],"wp:attachment":[{"href":"https:\/\/apartmanmezistromy.cz\/cs\/wp-json\/wp\/v2\/media?parent=308"}],"curies":[{"name":"wp","href":"https:\/\/api.w.org\/{rel}","templated":true}]}}