{"id":356,"date":"2020-05-17T20:28:22","date_gmt":"2020-05-17T20:28:22","guid":{"rendered":"http:\/\/apartmanmezistromy.cz\/?page_id=356"},"modified":"2020-06-16T13:09:28","modified_gmt":"2020-06-16T13:09:28","slug":"vylety","status":"publish","type":"page","link":"https:\/\/apartmanmezistromy.cz\/cs\/okoli\/vylety\/","title":{"rendered":"V\u00fdlety"},"content":{"rendered":"\n<p><strong>Pa\u0161er\u00e1ck\u00e1 stezka<\/strong> \u2013 proch\u00e1zka se \u010dty\u0159mi zastaven\u00edmi, na kter\u00fdch se dozv\u00edte, jak pa\u0161ov\u00e1n\u00ed v&nbsp;Krkono\u0161\u00edch prob\u00edhalo i to, pro\u010d byli pa\u0161er\u00e1ci m\u00edstn\u00edmi tak obl\u00edben\u00ed. D\u00e9lka stezky 1,3 km<\/p>\n\n\n\n<p><strong>Hu\u0165sk\u00fd vodop\u00e1d<\/strong> \u2013 kr\u00e1sn\u00e1 proch\u00e1zka s\u00a0m\u00edrn\u00fdm p\u0159ev\u00fd\u0161en\u00edm a p\u0159ekr\u00e1sn\u00fdmi v\u00fdhledy po okol\u00ed, jej\u00ed\u017e c\u00edlem je kask\u00e1dovit\u00fd vodop\u00e1d s\u00a0celkovou d\u00e9lkou necel\u00fdch 20 metr\u016f, pojmenov\u00e1n po prvn\u00ed skl\u00e1\u0159sk\u00e9 huti v\u00a0Krkono\u0161\u00edch. D\u00e9lka cesty tam 2 km<\/p>\n\n\n\n<p><strong>Dvora\u010dky <\/strong>&#8211; legend\u00e1rn\u00ed horsk\u00e1 bouda s kr\u00e1sn\u00fdm v\u00fdhledem do okol\u00ed. D\u00e9lka cesty tam 4 km (cestu si m\u016f\u017eete zkr\u00e1tit lanovou dr\u00e1hou)<\/p>\n\n\n\n<p><strong>Vrbatovo n\u00e1vr\u0161\u00ed a Mohyla Han\u010de a Vrbaty<\/strong> \u2013 m\u00edsta pojmenovan\u00e1 pro uchov\u00e1n\u00ed vzpom\u00ednky na ly\u017ea\u0159e, kte\u0159\u00ed umrzli p\u0159i mezin\u00e1rodn\u00edm z\u00e1vod\u011b v b\u011bhu na 50 kilometr\u016f. Za hork\u00fdch letn\u00edch dn\u00ed b\u00fdv\u00e1 na mohyle pozorov\u00e1n Eli\u00e1\u0161\u016fv ohe\u0148. D\u00e9lka cesty tam 5,5 Km<\/p>\n\n\n\n<p><strong>Zuba\u010dka<\/strong> \u2013 autobusem do Tanvaldu, ozubnicovou trat\u00ed do Harrachova, pak p\u011b\u0161ky do Rokytnice. Za\u017eijete nostalgii ozubnicov\u00e9 lokomotivy a historick\u00fdch voz\u016f, setk\u00e1te se s\u00a0lokomotivou \u201eKafemlejnek\u201c nebo \u201eRaku\u0161anka\u201c, s motor\u00e1kem \u201eSingrovkou\u201c. Celkov\u00e1 d\u00e9lka 8 km<\/p>\n\n\n\n<p><strong>Koteln\u00e9 j\u00e1my<\/strong> \u2013 v\u00fdlet pln\u00fd kr\u00e1sn\u00fdch v\u00fdhled\u016f, v\u00a0lavinov\u00e9m \u00fadol\u00ed naraz\u00edte na spoustu vz\u00e1cn\u00fdch a chr\u00e1n\u011bn\u00fdch rostlin. Autobusem na Horn\u00ed M\u00edse\u010dky k\u00a0Jilemnick\u00e9 boud\u011b, pak Krakono\u0161ovou cestou do Koteln\u00fdch jam, d\u00e1le Dvora\u010dky a Rokytnice. Celkov\u00e1 d\u00e9lka trasy 8,5 km<\/p>\n\n\n\n<p><strong>Pozn\u00e1vac\u00ed okruh Okolo Rokytnice<\/strong> \u2013 nen\u00e1ro\u010dn\u00fd okruh ur\u010den\u00fd pro p\u011b\u0161\u00ed i cyklisty se dvan\u00e1cti zastaven\u00edmi, u kter\u00fdch pozn\u00e1te, jak se v&nbsp;minulosti v Rokytnici nad Jizerou \u017eilo. Celkov\u00e1 d\u00e9lka stezky 11 km<\/p>\n\n\n\n<p><strong>Mumlavsk\u00fd vodop\u00e1d<\/strong> \u2013 na vodu nejbohat\u0161\u00ed vodop\u00e1d v&nbsp;Krkono\u0161\u00edch, jeden z&nbsp;nejmohutn\u011bj\u0161\u00edch v&nbsp;\u010cesk\u00e9 republice. Zaj\u00edmavost\u00ed vodop\u00e1du jsou tzv. ob\u0159\u00ed hrnce a kotle, m\u00edstn\u011b zvan\u00e9 \u201e\u010certova oka\u201c. Jedn\u00e1 se o prohlubn\u011b a\u017e 6 m \u0161irok\u00e9 a 3 m hlubok\u00e9, vytvo\u0159en\u00e9 pohybem vody s&nbsp;kam\u00ednky. D\u00e9lka cesty tam 7,5 km<\/p>\n\n\n\n<p><strong>Pramen Labe<\/strong> &#8211; vyhled\u00e1van\u00fd c\u00edl v\u00fdlet\u016f s kamennou st\u011bnou, na kter\u00e9 najdete 26 v\u00fdznamn\u00fdch m\u011bst, kter\u00fdmi Labe cestou k mo\u0159i prot\u00e9k\u00e1. D\u00e9lka nejkrat\u0161\u00ed cesty tam 7,5 km. N\u00e1ro\u010dn\u011bj\u0161\u00ed turista si m\u016f\u017ee cestu prodlou\u017eit kolem Vrbatovi boudy a Pan\u010davsk\u00fdch vodop\u00e1d\u016f 9,5 km. Cesta je n\u00e1ro\u010dn\u00e1, p\u0159ev\u00e1\u017en\u011b do kopce.<\/p>\n\n\n\n<p><strong>Stromkovice, pramen Bo\u017e\u00ed vody u kaple Panny Marie<\/strong> \u2013 tajemn\u00e9 a legendami op\u0159eden\u00e9 m\u00edsto s&nbsp;pramenem, kter\u00fd m\u00e1 m\u00edt l\u00e9\u010div\u00e9 \u00fa\u010dinky. Voda prot\u00e9k\u00e1 t\u0159emi kor\u00fdtky, p\u0159i\u010dem\u017e z&nbsp;prvn\u00edho se m\u00e1me nap\u00edt, v&nbsp;druh\u00e9m um\u00fdt ruce a u t\u0159et\u00edho kor\u00fdtka nohy. D\u00e9lka cesty tam 11 km<\/p>\n\n\n\n<p><strong>Proj\u00ed\u017e\u010fky na kon\u00edch ve V\u00edtkovic\u00edch<\/strong> &#8211; ekologick\u00e1 farma s chovem huculsk\u00fdch kon\u00ed, horsk\u00e9ho skotu a koz, kter\u00e1 nab\u00edz\u00ed vyj\u00ed\u017e\u010fky a v\u00fduku j\u00edzdy na kon\u00edch, v\u010detn\u011b vod\u011bn\u00ed d\u011bt\u00ed, v\u00edce informac\u00ed nejdete <a href=\"http:\/\/www.hucul.cz\/\">ZDE<\/a>. D\u00e9lka cesty tam 15 km<\/p>\n\n\n\n<p><strong>Bozkovsk\u00e9 dolomitov\u00e9 jeskyn\u011b <\/strong>\u2013 v\u00fdlet autem do nejv\u011bt\u0161\u00edch jeskyn\u00ed v \u010cR, kter\u00e9 se nach\u00e1z\u00ed v\u00a0\u010cesk\u00e9m r\u00e1ji. Ve\u0159ejnosti zp\u0159\u00edstupn\u011bn\u00fd okruh je dlouh\u00fd 350 m, s dobou prohl\u00eddky 45 minut. Nudit se na n\u011bm ur\u010dit\u011b nebudete d\u00edky roztodivn\u00fdm jeskyn\u00edm \u00fatvar\u016fm, kter\u00e9 si lid\u00e9 i pojmenovali. Uvid\u00edte nap\u0159. B\u00edlou my\u0161ku, Orla \u010di Pern\u00edkovou chaloupku.<\/p>\n\n\n\n<p><strong>Sn\u011b\u017en\u00e9 j\u00e1my, Cesta \u010desko-polsk\u00e9ho p\u0159\u00e1telstv\u00ed<\/strong> \u2013 ide\u00e1ln\u00ed v\u00fdlet bez v\u011bt\u0161\u00edho stoup\u00e1n\u00ed, autobusem na \u0160pindlerovku a Cestou \u010desko-polsk\u00e9ho p\u0159\u00e1telstv\u00ed p\u0159es D\u00edv\u010d\u00ed kameny a Mu\u017esk\u00e9 kameny ke Sn\u011b\u017en\u00fdm j\u00e1m\u00e1m,\u00a0\u010cesk\u00e9 budce a kolem pramene Labe p\u0159es Dvora\u010dky do Rokytnice. Celkov\u00e1 d\u00e9lka 16 km<\/p>\n\n\n\n<p><strong>Sn\u011b\u017eka <\/strong>\u2013 pro n\u00e1ro\u010dn\u011bj\u0161\u00ed cestovatele doporu\u010dujeme v\u00fdlet na v\u00fdchod slunce na Sn\u011b\u017ece. Na t\u00faru se vyr\u00e1\u017e\u00ed ji\u017e v&nbsp;odpoledn\u00edch hodin\u00e1ch, sebou si ur\u010dit\u011b vezm\u011bte \u010delovku s&nbsp;n\u00e1hradn\u00edmi baterkami. Zp\u011bt se m\u016f\u017eete sv\u00e9zt autobusem. D\u00e9lka cesty tam 22 km<\/p>\n\n\n\n<p><\/p>\n","protected":false},"excerpt":{"rendered":"<p>Pa\u0161er\u00e1ck\u00e1 stezka \u2013 proch\u00e1zka se \u010dty\u0159mi zastaven\u00edmi, na kter\u00fdch se dozv\u00edte, jak pa\u0161ov\u00e1n\u00ed v&nbsp;Krkono\u0161\u00edch prob\u00edhalo i to, pro\u010d byli pa\u0161er\u00e1ci m\u00edstn\u00edmi tak obl\u00edben\u00ed. D\u00e9lka stezky 1,3 km Hu\u0165sk\u00fd vodop\u00e1d \u2013 kr\u00e1sn\u00e1 proch\u00e1zka s\u00a0m\u00edrn\u00fdm p\u0159ev\u00fd\u0161en\u00edm a p\u0159ekr\u00e1sn\u00fdmi v\u00fdhledy po okol\u00ed, jej\u00ed\u017e c\u00edlem je kask\u00e1dovit\u00fd vodop\u00e1d s\u00a0celkovou d\u00e9lkou necel\u00fdch 20 metr\u016f, pojmenov\u00e1n &hellip;<\/p>\n","protected":false},"author":2,"featured_media":228,"parent":97,"menu_order":2,"comment_status":"closed","ping_status":"closed","template":"","meta":{"footnotes":""},"class_list":["post-356","page","type-page","status-publish","has-post-thumbnail","hentry"],"_links":{"self":[{"href":"https:\/\/apartmanmezistromy.cz\/cs\/wp-json\/wp\/v2\/pages\/356","targetHints":{"allow":["GET"]}}],"collection":[{"href":"https:\/\/apartmanmezistromy.cz\/cs\/wp-json\/wp\/v2\/pages"}],"about":[{"href":"https:\/\/apartmanmezistromy.cz\/cs\/wp-json\/wp\/v2\/types\/page"}],"author":[{"embeddable":true,"href":"https:\/\/apartmanmezistromy.cz\/cs\/wp-json\/wp\/v2\/users\/2"}],"replies":[{"embeddable":true,"href":"https:\/\/apartmanmezistromy.cz\/cs\/wp-json\/wp\/v2\/comments?post=356"}],"version-history":[{"count":6,"href":"https:\/\/apartmanmezistromy.cz\/cs\/wp-json\/wp\/v2\/pages\/356\/revisions"}],"predecessor-version":[{"id":370,"href":"https:\/\/apartmanmezistromy.cz\/cs\/wp-json\/wp\/v2\/pages\/356\/revisions\/370"}],"up":[{"embeddable":true,"href":"https:\/\/apartmanmezistromy.cz\/cs\/wp-json\/wp\/v2\/pages\/97"}],"wp:featuredmedia":[{"embeddable":true,"href":"https:\/\/apartmanmezistromy.cz\/cs\/wp-json\/wp\/v2\/media\/228"}],"wp:attachment":[{"href":"https:\/\/apartmanmezistromy.cz\/cs\/wp-json\/wp\/v2\/media?parent=356"}],"curies":[{"name":"wp","href":"https:\/\/api.w.org\/{rel}","templated":true}]}}