{"id":95,"date":"2020-04-18T12:19:05","date_gmt":"2020-04-18T12:19:05","guid":{"rendered":"http:\/\/apartmanmezistromy.cz\/?page_id=95"},"modified":"2026-04-20T12:45:50","modified_gmt":"2026-04-20T12:45:50","slug":"ubytovani","status":"publish","type":"page","link":"https:\/\/apartmanmezistromy.cz\/cs\/ubytovani\/","title":{"rendered":"Ubytov\u00e1n\u00ed"},"content":{"rendered":"\n<p>Apartm\u00e1n MEZI STROMY se nach\u00e1z\u00ed na hranic\u00edch Krkono\u0161sk\u00e9ho n\u00e1rodn\u00edho parku, uprost\u0159ed kr\u00e1sn\u00e9 p\u0159\u00edrody. P\u0159\u00edjezdov\u00e1 cesta se v zim\u011b st\u00e1v\u00e1 sjezdovkou, tak\u017ee sta\u010d\u00ed jen nazout ly\u017ee \u010di snowboard a vydat se do jednoho z nejv\u011bt\u0161\u00edch a nejdel\u0161\u00edch skiare\u00e1l\u016f v \u010cR. Na ja\u0159e sjezdovka zaroste tr\u00e1vou a roubenka se st\u00e1v\u00e1 m\u00edstem, kde v\u00e1m li\u0161ky d\u00e1vaj\u00ed dobrou noc. Na proch\u00e1zk\u00e1ch tu m\u016f\u017eete potkat srnky, zaj\u00edce, veverky, ryse \u010di kunu, ve\u010der netop\u00fdry \u010di sv\u011btlu\u0161ky. Pobl\u00ed\u017e te\u010de \u010cern\u00fd potok, kter\u00fd v\u00e1s p\u0159i us\u00edn\u00e1n\u00ed bude usp\u00e1vat. <\/p>\n\n\n\n<p>Apartm\u00e1n je mal\u00fd a \u00fatuln\u00fd, ide\u00e1ln\u00ed pro \u010dty\u0159\u010dlennou rodinu. <\/p>\n\n\n\n<p>Dom\u00e1c\u00ed mazl\u00ed\u010dci nejsou povoleni.<\/p>\n\n\n\n<figure class=\"wp-block-gallery has-nested-images columns-default is-cropped wp-block-gallery-1 is-layout-flex wp-block-gallery-is-layout-flex\">\n<figure class=\"wp-block-image size-large\"><img loading=\"lazy\" decoding=\"async\" width=\"912\" height=\"485\" data-id=\"253\" src=\"https:\/\/apartmanmezistromy.cz\/wp-content\/uploads\/2020\/05\/apartman2.jpg\" alt=\"\" class=\"wp-image-253\" srcset=\"https:\/\/apartmanmezistromy.cz\/wp-content\/uploads\/2020\/05\/apartman2.jpg 912w, https:\/\/apartmanmezistromy.cz\/wp-content\/uploads\/2020\/05\/apartman2-300x160.jpg 300w, https:\/\/apartmanmezistromy.cz\/wp-content\/uploads\/2020\/05\/apartman2-768x408.jpg 768w, https:\/\/apartmanmezistromy.cz\/wp-content\/uploads\/2020\/05\/apartman2-375x199.jpg 375w\" sizes=\"auto, (max-width: 912px) 100vw, 912px\" \/><\/figure>\n\n\n\n<figure class=\"wp-block-image size-large\"><img loading=\"lazy\" decoding=\"async\" width=\"555\" height=\"459\" data-id=\"254\" src=\"https:\/\/apartmanmezistromy.cz\/wp-content\/uploads\/2020\/05\/barak.jpg\" alt=\"\" class=\"wp-image-254\" srcset=\"https:\/\/apartmanmezistromy.cz\/wp-content\/uploads\/2020\/05\/barak.jpg 555w, https:\/\/apartmanmezistromy.cz\/wp-content\/uploads\/2020\/05\/barak-300x248.jpg 300w, https:\/\/apartmanmezistromy.cz\/wp-content\/uploads\/2020\/05\/barak-375x310.jpg 375w\" sizes=\"auto, (max-width: 555px) 100vw, 555px\" \/><\/figure>\n\n\n\n<figure class=\"wp-block-image size-large\"><img loading=\"lazy\" decoding=\"async\" width=\"903\" height=\"649\" data-id=\"258\" src=\"https:\/\/apartmanmezistromy.cz\/wp-content\/uploads\/2020\/05\/vyhled_z_apartmanu.jpg\" alt=\"\" class=\"wp-image-258\" srcset=\"https:\/\/apartmanmezistromy.cz\/wp-content\/uploads\/2020\/05\/vyhled_z_apartmanu.jpg 903w, https:\/\/apartmanmezistromy.cz\/wp-content\/uploads\/2020\/05\/vyhled_z_apartmanu-300x216.jpg 300w, https:\/\/apartmanmezistromy.cz\/wp-content\/uploads\/2020\/05\/vyhled_z_apartmanu-768x552.jpg 768w, https:\/\/apartmanmezistromy.cz\/wp-content\/uploads\/2020\/05\/vyhled_z_apartmanu-375x270.jpg 375w\" sizes=\"auto, (max-width: 903px) 100vw, 903px\" \/><\/figure>\n<\/figure>\n\n\n\n<p><strong><span class=\"has-inline-color has-accent-1-color\">Vybaven\u00ed apartm\u00e1nu: <\/span><\/strong><\/p>\n\n\n\n<p><strong>Hlavn\u00ed m\u00edstnost<\/strong> &#8211; vybaven\u00fd kuchy\u0148sk\u00fd kout (n\u00e1dob\u00ed, dvouplot\u00fdnka, lednice, k\u00e1vovar, mikrovlnn\u00e1 trouba), j\u00eddeln\u00ed st\u016fl, vyv\u00fd\u0161en\u00e9 dvojl\u016f\u017eko, televize, poli\u010dky, k\u0159eslo<\/p>\n\n\n\n<p><strong>Samostatn\u00e1 lo\u017enice<\/strong> &#8211; 2 l\u016f\u017eka, komoda<\/p>\n\n\n\n<p><strong>D\u00e1le<\/strong> &#8211; p\u0159eds\u00ed\u0148ka s botn\u00edkem a m\u00edstem na ly\u017ee, \u0161atn\u00ed prostor, koupelna se sprchov\u00fdm koutem a toaletou, Wifi<\/p>\n\n\n\n<figure class=\"wp-block-image size-large\"><img loading=\"lazy\" decoding=\"async\" width=\"960\" height=\"640\" src=\"http:\/\/apartmanmezistromy.cz\/wp-content\/uploads\/2020\/04\/4.jpg\" alt=\"\" class=\"wp-image-176\" srcset=\"https:\/\/apartmanmezistromy.cz\/wp-content\/uploads\/2020\/04\/4.jpg 960w, https:\/\/apartmanmezistromy.cz\/wp-content\/uploads\/2020\/04\/4-300x200.jpg 300w, https:\/\/apartmanmezistromy.cz\/wp-content\/uploads\/2020\/04\/4-768x512.jpg 768w, https:\/\/apartmanmezistromy.cz\/wp-content\/uploads\/2020\/04\/4-375x250.jpg 375w\" sizes=\"auto, (max-width: 960px) 100vw, 960px\" \/><\/figure>\n\n\n\n<figure class=\"wp-block-gallery has-nested-images columns-default is-cropped wp-block-gallery-2 is-layout-flex wp-block-gallery-is-layout-flex\">\n<figure class=\"wp-block-image size-large\"><img loading=\"lazy\" decoding=\"async\" width=\"960\" height=\"640\" data-id=\"208\" src=\"https:\/\/apartmanmezistromy.cz\/wp-content\/uploads\/2020\/05\/2.jpg\" alt=\"\" class=\"wp-image-208\" srcset=\"https:\/\/apartmanmezistromy.cz\/wp-content\/uploads\/2020\/05\/2.jpg 960w, https:\/\/apartmanmezistromy.cz\/wp-content\/uploads\/2020\/05\/2-300x200.jpg 300w, https:\/\/apartmanmezistromy.cz\/wp-content\/uploads\/2020\/05\/2-768x512.jpg 768w, https:\/\/apartmanmezistromy.cz\/wp-content\/uploads\/2020\/05\/2-375x250.jpg 375w\" sizes=\"auto, (max-width: 960px) 100vw, 960px\" \/><\/figure>\n\n\n\n<figure class=\"wp-block-image size-large\"><img loading=\"lazy\" decoding=\"async\" width=\"960\" height=\"640\" data-id=\"209\" src=\"https:\/\/apartmanmezistromy.cz\/wp-content\/uploads\/2020\/05\/3.jpg\" alt=\"\" class=\"wp-image-209\" srcset=\"https:\/\/apartmanmezistromy.cz\/wp-content\/uploads\/2020\/05\/3.jpg 960w, https:\/\/apartmanmezistromy.cz\/wp-content\/uploads\/2020\/05\/3-300x200.jpg 300w, https:\/\/apartmanmezistromy.cz\/wp-content\/uploads\/2020\/05\/3-768x512.jpg 768w, https:\/\/apartmanmezistromy.cz\/wp-content\/uploads\/2020\/05\/3-375x250.jpg 375w\" sizes=\"auto, (max-width: 960px) 100vw, 960px\" \/><\/figure>\n\n\n\n<figure class=\"wp-block-image size-large\"><img loading=\"lazy\" decoding=\"async\" width=\"960\" height=\"645\" data-id=\"210\" src=\"https:\/\/apartmanmezistromy.cz\/wp-content\/uploads\/2020\/05\/5.jpg\" alt=\"\" class=\"wp-image-210\" srcset=\"https:\/\/apartmanmezistromy.cz\/wp-content\/uploads\/2020\/05\/5.jpg 960w, https:\/\/apartmanmezistromy.cz\/wp-content\/uploads\/2020\/05\/5-300x202.jpg 300w, https:\/\/apartmanmezistromy.cz\/wp-content\/uploads\/2020\/05\/5-768x516.jpg 768w, https:\/\/apartmanmezistromy.cz\/wp-content\/uploads\/2020\/05\/5-375x252.jpg 375w\" sizes=\"auto, (max-width: 960px) 100vw, 960px\" \/><\/figure>\n\n\n\n<figure class=\"wp-block-image size-large\"><img loading=\"lazy\" decoding=\"async\" width=\"960\" height=\"640\" data-id=\"211\" src=\"https:\/\/apartmanmezistromy.cz\/wp-content\/uploads\/2020\/05\/6.jpg\" alt=\"\" class=\"wp-image-211\" srcset=\"https:\/\/apartmanmezistromy.cz\/wp-content\/uploads\/2020\/05\/6.jpg 960w, https:\/\/apartmanmezistromy.cz\/wp-content\/uploads\/2020\/05\/6-300x200.jpg 300w, https:\/\/apartmanmezistromy.cz\/wp-content\/uploads\/2020\/05\/6-768x512.jpg 768w, https:\/\/apartmanmezistromy.cz\/wp-content\/uploads\/2020\/05\/6-375x250.jpg 375w\" sizes=\"auto, (max-width: 960px) 100vw, 960px\" \/><\/figure>\n\n\n\n<figure class=\"wp-block-image size-large\"><img loading=\"lazy\" decoding=\"async\" width=\"960\" height=\"640\" data-id=\"212\" src=\"https:\/\/apartmanmezistromy.cz\/wp-content\/uploads\/2020\/05\/7.jpg\" alt=\"\" class=\"wp-image-212\" srcset=\"https:\/\/apartmanmezistromy.cz\/wp-content\/uploads\/2020\/05\/7.jpg 960w, https:\/\/apartmanmezistromy.cz\/wp-content\/uploads\/2020\/05\/7-300x200.jpg 300w, https:\/\/apartmanmezistromy.cz\/wp-content\/uploads\/2020\/05\/7-768x512.jpg 768w, https:\/\/apartmanmezistromy.cz\/wp-content\/uploads\/2020\/05\/7-375x250.jpg 375w\" sizes=\"auto, (max-width: 960px) 100vw, 960px\" \/><\/figure>\n\n\n\n<figure class=\"wp-block-image size-large\"><img loading=\"lazy\" decoding=\"async\" width=\"960\" height=\"707\" data-id=\"213\" src=\"https:\/\/apartmanmezistromy.cz\/wp-content\/uploads\/2020\/05\/8.jpg\" alt=\"\" class=\"wp-image-213\" srcset=\"https:\/\/apartmanmezistromy.cz\/wp-content\/uploads\/2020\/05\/8.jpg 960w, https:\/\/apartmanmezistromy.cz\/wp-content\/uploads\/2020\/05\/8-300x221.jpg 300w, https:\/\/apartmanmezistromy.cz\/wp-content\/uploads\/2020\/05\/8-768x566.jpg 768w, https:\/\/apartmanmezistromy.cz\/wp-content\/uploads\/2020\/05\/8-375x276.jpg 375w\" sizes=\"auto, (max-width: 960px) 100vw, 960px\" \/><\/figure>\n<\/figure>\n\n\n\n<p><\/p>\n","protected":false},"excerpt":{"rendered":"<p>Apartm\u00e1n MEZI STROMY se nach\u00e1z\u00ed na hranic\u00edch Krkono\u0161sk\u00e9ho n\u00e1rodn\u00edho parku, uprost\u0159ed kr\u00e1sn\u00e9 p\u0159\u00edrody. P\u0159\u00edjezdov\u00e1 cesta se v zim\u011b st\u00e1v\u00e1 sjezdovkou, tak\u017ee sta\u010d\u00ed jen nazout ly\u017ee \u010di snowboard a vydat se do jednoho z nejv\u011bt\u0161\u00edch a nejdel\u0161\u00edch skiare\u00e1l\u016f v \u010cR. Na ja\u0159e sjezdovka zaroste tr\u00e1vou a roubenka se st\u00e1v\u00e1 m\u00edstem, kde &hellip;<\/p>\n","protected":false},"author":1,"featured_media":0,"parent":0,"menu_order":0,"comment_status":"closed","ping_status":"closed","template":"","meta":{"footnotes":""},"class_list":["post-95","page","type-page","status-publish","hentry"],"_links":{"self":[{"href":"https:\/\/apartmanmezistromy.cz\/cs\/wp-json\/wp\/v2\/pages\/95","targetHints":{"allow":["GET"]}}],"collection":[{"href":"https:\/\/apartmanmezistromy.cz\/cs\/wp-json\/wp\/v2\/pages"}],"about":[{"href":"https:\/\/apartmanmezistromy.cz\/cs\/wp-json\/wp\/v2\/types\/page"}],"author":[{"embeddable":true,"href":"https:\/\/apartmanmezistromy.cz\/cs\/wp-json\/wp\/v2\/users\/1"}],"replies":[{"embeddable":true,"href":"https:\/\/apartmanmezistromy.cz\/cs\/wp-json\/wp\/v2\/comments?post=95"}],"version-history":[{"count":21,"href":"https:\/\/apartmanmezistromy.cz\/cs\/wp-json\/wp\/v2\/pages\/95\/revisions"}],"predecessor-version":[{"id":585,"href":"https:\/\/apartmanmezistromy.cz\/cs\/wp-json\/wp\/v2\/pages\/95\/revisions\/585"}],"wp:attachment":[{"href":"https:\/\/apartmanmezistromy.cz\/cs\/wp-json\/wp\/v2\/media?parent=95"}],"curies":[{"name":"wp","href":"https:\/\/api.w.org\/{rel}","templated":true}]}}