{"id":275,"date":"2020-05-14T18:43:29","date_gmt":"2020-05-14T18:43:29","guid":{"rendered":"http:\/\/apartmanmezistromy.cz\/?page_id=275"},"modified":"2026-04-20T13:11:52","modified_gmt":"2026-04-20T13:11:52","slug":"chcete-prozit-krasnou-dovolenou","status":"publish","type":"page","link":"https:\/\/apartmanmezistromy.cz\/de\/","title":{"rendered":"Chcete pro\u017e\u00edt kr\u00e1snou dovolenou?"},"content":{"rendered":"\n<div class=\"wp-block-columns is-layout-flex wp-container-core-columns-is-layout-9d6595d7 wp-block-columns-is-layout-flex\">\n<div class=\"wp-block-column is-layout-flow wp-block-column-is-layout-flow\" style=\"flex-basis:66.66%\">\n<p>Odpo\u010dinout si od v\u0161edn\u00edch starost\u00ed a \u00fakol\u016f? Nab\u00edz\u00edme V\u00e1m nep\u0159ebern\u00e9 mno\u017estv\u00ed turistick\u00fdch c\u00edl\u016f, okouzluj\u00edc\u00ed p\u0159\u00edrodu z\u00e1padn\u00edch Krkono\u0161, mo\u017enost aktivn\u00edho i pasivn\u00edho vy\u017eit\u00ed. Je jen na V\u00e1s, jak\u00e9 ro\u010dn\u00ed obdob\u00ed si vyberete, jak\u00fd program si zvol\u00edte. <\/p>\n\n\n\n<p>Apartm\u00e1n je ide\u00e1ln\u00ed pro \u010dty\u0159\u010dlennou rodinu. Pokud je v\u00e1s v\u00edce, je je\u0161t\u011b mo\u017enost jedn\u00e9 p\u0159ist\u00fdlky.<\/p>\n\n\n\n<p>Vybaven\u00ed \u2013 hlavn\u00ed m\u00edstnost s&nbsp;vybaven\u00fdm kuchy\u0148sk\u00fdm koutem a vyv\u00fd\u0161enou man\u017eelskou postel\u00ed, samostatn\u00e1 lo\u017enice, koupelna s&nbsp;toaletou.<\/p>\n<\/div>\n\n\n\n<div class=\"wp-block-column is-layout-flow wp-block-column-is-layout-flow\" style=\"flex-basis:33.33%\">\n<figure class=\"wp-block-image size-large is-resized\"><img loading=\"lazy\" decoding=\"async\" width=\"960\" height=\"640\" src=\"http:\/\/apartmanmezistromy.cz\/wp-content\/uploads\/2020\/04\/4.jpg\" alt=\"\" class=\"wp-image-176\" style=\"width:351px;height:233px\" srcset=\"https:\/\/apartmanmezistromy.cz\/wp-content\/uploads\/2020\/04\/4.jpg 960w, https:\/\/apartmanmezistromy.cz\/wp-content\/uploads\/2020\/04\/4-300x200.jpg 300w, https:\/\/apartmanmezistromy.cz\/wp-content\/uploads\/2020\/04\/4-768x512.jpg 768w, https:\/\/apartmanmezistromy.cz\/wp-content\/uploads\/2020\/04\/4-375x250.jpg 375w\" sizes=\"auto, (max-width: 960px) 100vw, 960px\" \/><\/figure>\n<\/div>\n<\/div>\n\n\n\n<hr class=\"wp-block-separator has-css-opacity\"\/>\n\n\n\n<h2 class=\"wp-block-heading\">Kalend\u00e1\u0159 obsazenosti:<\/h2>\n\n\n\n<script src=\"https:\/\/obsazenost.e-chalupy.cz\/resize.js\"><\/script>\n<iframe loading=\"lazy\" src=\"https:\/\/obsazenost.e-chalupy.cz\/kalendar.php?id=7830&#038;legenda=ano&#038;jednotky=ano&#038;pocetMesicu=12&#038;velikost=2\" height=\"460px\" width=\"100%\" frameborder=\"0\" id=\"echalupy-kalendar\"><\/iframe>\n\n\n\n<hr class=\"wp-block-separator has-css-opacity\"\/>\n\n\n\n<h2 class=\"wp-block-heading\">Kontakt:<\/h2>\n\n\n\n<div class=\"wp-block-columns is-layout-flex wp-container-core-columns-is-layout-9d6595d7 wp-block-columns-is-layout-flex\">\n<div class=\"wp-block-column is-layout-flow wp-block-column-is-layout-flow\" style=\"flex-basis:33.33%\">\n<p><strong>Ji\u0159\u00ed Krause<\/strong><\/p>\n\n\n\n<p><strong>Horn\u00ed Rokytnice 707, <\/strong><br> <strong>512 45 Rokytnice nad Jizerou<\/strong><\/p>\n\n\n\n<p><strong>telefon:&nbsp;731 100 198<\/strong><\/p>\n\n\n\n<p><strong>email:&nbsp;info@apartmanmezistromy.cz<\/strong><\/p>\n<\/div>\n\n\n\n<div class=\"wp-block-column is-layout-flow wp-block-column-is-layout-flow\" style=\"flex-basis:66.66%\">\n<div class=\"cf7sg-container cf7sg-not-grid\"><div id=\"cf7sg-form-kontaktni-formular-1\" class=\" key_kontaktni-formular-1\">\n<div class=\"wpcf7 no-js\" id=\"wpcf7-f380-o1\" lang=\"cs-CZ\" dir=\"ltr\" data-wpcf7-id=\"380\">\n<div class=\"screen-reader-response\"><p role=\"status\" aria-live=\"polite\" aria-atomic=\"true\"><\/p> <ul><\/ul><\/div>\n<form action=\"\/de\/wp-json\/wp\/v2\/pages\/275#wpcf7-f380-o1\" method=\"post\" class=\"wpcf7-form init\" aria-label=\"Kontaktn\u00ed formul\u00e1\u0159\" novalidate=\"novalidate\" data-status=\"init\">\n<fieldset class=\"hidden-fields-container\"><input type=\"hidden\" name=\"_wpcf7\" value=\"380\" \/><input type=\"hidden\" name=\"_wpcf7_version\" value=\"6.1.5\" \/><input type=\"hidden\" name=\"_wpcf7_locale\" value=\"cs_CZ\" \/><input type=\"hidden\" name=\"_wpcf7_unit_tag\" value=\"wpcf7-f380-o1\" \/><input type=\"hidden\" name=\"_wpcf7_container_post\" value=\"0\" \/><input type=\"hidden\" name=\"_wpcf7_posted_data_hash\" value=\"\" \/><input type=\"hidden\" name=\"lang\" value=\"de\" \/><input type=\"hidden\" name=\"_wpcf7_key\" value=\"kontaktni-formular-1\" \/><input type=\"hidden\" name=\"_cf7sg_toggles\" value=\"\" \/><input type=\"hidden\" name=\"_cf7sg_version\" value=\"4.15.8\" \/><input type=\"hidden\" name=\"_wpnonce\" value=\"bfa26f2bee\" \/><input type=\"hidden\" name=\"_wpcf7_recaptcha_response\" value=\"\" \/>\n<\/fieldset>\n<p><label> Jm\u00e9no a p\u0159\u00edjmen\u00ed (vy\u017eadov\u00e1no)<br \/>\n<span class=\"wpcf7-form-control-wrap\" data-name=\"your-name\"><input size=\"40\" maxlength=\"400\" class=\"wpcf7-form-control wpcf7-text wpcf7-validates-as-required\" aria-required=\"true\" aria-invalid=\"false\" value=\"\" type=\"text\" name=\"your-name\" \/><\/span> <\/label>\n<\/p>\n<p><label> E-mail (vy\u017eadov\u00e1no)<br \/>\n<span class=\"wpcf7-form-control-wrap\" data-name=\"your-email\"><input size=\"40\" maxlength=\"400\" class=\"wpcf7-form-control wpcf7-email wpcf7-validates-as-required wpcf7-text wpcf7-validates-as-email\" aria-required=\"true\" aria-invalid=\"false\" value=\"\" type=\"email\" name=\"your-email\" \/><\/span> <\/label>\n<\/p>\n<p><label> Telefonn\u00ed \u010d\u00edslo<br \/>\n<span class=\"wpcf7-form-control-wrap\" data-name=\"tel-97\"><input size=\"40\" maxlength=\"400\" class=\"wpcf7-form-control wpcf7-tel wpcf7-text wpcf7-validates-as-tel\" aria-invalid=\"false\" value=\"\" type=\"tel\" name=\"tel-97\" \/><\/span> <\/label>\n<\/p>\n<p><label> Term\u00edn, o kter\u00fd m\u00e1te z\u00e1jem<br \/>\n<span class=\"wpcf7-form-control-wrap\" data-name=\"text-904\"><input size=\"40\" maxlength=\"400\" class=\"wpcf7-form-control wpcf7-text\" aria-invalid=\"false\" value=\"\" type=\"text\" name=\"text-904\" \/><\/span><\/label>\n<\/p>\n<p><label> Va\u0161e pozn\u00e1mky a dotazy<br \/>\n<span class=\"wpcf7-form-control-wrap\" data-name=\"your-message\"><textarea cols=\"40\" rows=\"10\" maxlength=\"2000\" class=\"wpcf7-form-control wpcf7-textarea\" aria-invalid=\"false\" name=\"your-message\"><\/textarea><\/span> <\/label>\n<\/p>\n<p><span class=\"wpcf7-form-control-wrap\" data-name=\"checkbox-564\"><span class=\"wpcf7-form-control wpcf7-checkbox wpcf7-validates-as-required\"><span class=\"wpcf7-list-item first last\"><input type=\"checkbox\" name=\"checkbox-564[]\" value=\"Sezn\u00e1mil\/a jsem se\" \/><span class=\"wpcf7-list-item-label\">Sezn\u00e1mil\/a jsem se<\/span><\/span><\/span><\/span><a href=\"http:\/\/apartmanmezistromy.cz\/privacy-policy\/\" >Z\u00e1sadami ochrany osobn\u00edch \u00fadaj\u016f <\/a>\n<\/p>\n<p><input class=\"wpcf7-form-control wpcf7-submit has-spinner\" type=\"submit\" value=\"Odeslat\" \/>\n<\/p><div class=\"wpcf7-response-output\" aria-hidden=\"true\"><\/div>\n<\/form>\n<\/div>\n<\/div><\/div>\n<\/div>\n<\/div>\n\n\n<p>\u00a0<\/p>\n<p><!-- \/wp:post-content --><\/p>\n<p><!-- \/wp:column --><\/p>\n<p>\u00a0<\/p>","protected":false},"excerpt":{"rendered":"<p>Odpo\u010dinout si od v\u0161edn\u00edch starost\u00ed a \u00fakol\u016f? Nab\u00edz\u00edme V\u00e1m nep\u0159ebern\u00e9 mno\u017estv\u00ed turistick\u00fdch c\u00edl\u016f, okouzluj\u00edc\u00ed p\u0159\u00edrodu z\u00e1padn\u00edch Krkono\u0161, mo\u017enost aktivn\u00edho i pasivn\u00edho vy\u017eit\u00ed. Je jen na V\u00e1s, jak\u00e9 ro\u010dn\u00ed obdob\u00ed si vyberete, jak\u00fd program si zvol\u00edte. Apartm\u00e1n je ide\u00e1ln\u00ed pro \u010dty\u0159\u010dlennou rodinu. Pokud je v\u00e1s v\u00edce, je je\u0161t\u011b mo\u017enost jedn\u00e9 p\u0159ist\u00fdlky. &hellip;<\/p>\n","protected":false},"author":1,"featured_media":0,"parent":0,"menu_order":0,"comment_status":"closed","ping_status":"closed","template":"","meta":{"footnotes":""},"class_list":["post-275","page","type-page","status-publish","hentry"],"_links":{"self":[{"href":"https:\/\/apartmanmezistromy.cz\/de\/wp-json\/wp\/v2\/pages\/275","targetHints":{"allow":["GET"]}}],"collection":[{"href":"https:\/\/apartmanmezistromy.cz\/de\/wp-json\/wp\/v2\/pages"}],"about":[{"href":"https:\/\/apartmanmezistromy.cz\/de\/wp-json\/wp\/v2\/types\/page"}],"author":[{"embeddable":true,"href":"https:\/\/apartmanmezistromy.cz\/de\/wp-json\/wp\/v2\/users\/1"}],"replies":[{"embeddable":true,"href":"https:\/\/apartmanmezistromy.cz\/de\/wp-json\/wp\/v2\/comments?post=275"}],"version-history":[{"count":21,"href":"https:\/\/apartmanmezistromy.cz\/de\/wp-json\/wp\/v2\/pages\/275\/revisions"}],"predecessor-version":[{"id":594,"href":"https:\/\/apartmanmezistromy.cz\/de\/wp-json\/wp\/v2\/pages\/275\/revisions\/594"}],"wp:attachment":[{"href":"https:\/\/apartmanmezistromy.cz\/de\/wp-json\/wp\/v2\/media?parent=275"}],"curies":[{"name":"wp","href":"https:\/\/api.w.org\/{rel}","templated":true}]}}